{"id":437,"date":"2026-03-07T21:29:58","date_gmt":"2026-03-07T21:29:58","guid":{"rendered":"http:\/\/www.fundacjaolimp.pl\/?page_id=437"},"modified":"2026-03-10T10:45:24","modified_gmt":"2026-03-10T10:45:24","slug":"mobilna-niezaleznosc","status":"publish","type":"page","link":"http:\/\/www.fundacjaolimp.pl\/index.php\/mobilna-niezaleznosc\/","title":{"rendered":"Mobilna Niezale\u017cno\u015b\u0107"},"content":{"rendered":"<h2 class=\"text-center mb-4\">Szkolenie z zakresu obs\u0142ugi smartfonu<\/h2>\r\n<p style=\"margin: 0cm; text-align: justify;\">Fundacja Zwi\u0105zku Kultury Fizycznej \u201eOlimp\u201d informuje, \u017ce w okresie od 1 stycznia do 31 grudnia 2026 r. realizuje projekt \u201eMOBILNA NIEZALE\u017bNO\u015a\u0106&#8221;.<\/p>\r\n<p style=\"margin: 0cm; text-align: justify;\">Projekt jest wsp\u00f3\u0142finansowany ze \u015brodk\u00f3w Pa\u0144stwowego Funduszu Rehabilitacji Os\u00f3b Niepe\u0142nosprawnych w ramach Konkursu nr 1\/2025 pn. \u201eSi\u0142a mo\u017cliwo\u015bci\u201d.<\/p>\r\n\r\n<div class=\"wp-block-buttons is-layout-flex wp-block-buttons-is-layout-flex\">\r\n<div class=\"wp-block-button\" style=\"text-align: center;\"><a class=\"wp-block-button__link wp-element-button\" href=\"http:\/\/szkoleniaolimp.pl\/szkolenie-smartfon.html\">Szczeg\u00f3\u0142y i zg\u0142oszenia<\/a><\/div>\r\n<div>\r\n<p>Celem nadrz\u0119dnym projektu jest zwi\u0119kszenie samodzielno\u015bci os\u00f3b niewidomych i s\u0142abowidz\u0105cych poprzez prowadzenie grupowych zaj\u0119\u0107 z zakresu obs\u0142ugi smartfonu, kt\u00f3re maj\u0105 na celu nabywanie, rozwijanie i podtrzymywanie umiej\u0119tno\u015bci niezb\u0119dnych do samodzielnego funkcjonowania os\u00f3b niepe\u0142nosprawnych.<\/p>\r\n<p>&nbsp;<\/p>\r\n<p>Projekt realizowany b\u0119dzie poprzez organizacj\u0119 szkole\u0144 dla doros\u0142ych os\u00f3b niewidomych i s\u0142abowidz\u0105cych z obs\u0142ugi smartfonu.<\/p>\r\n<p>Projekt ma charakter og\u00f3lnopolski, wezm\u0105 w nim udzia\u0142 beneficjenci z co najmniej o\u015bmiu wojew\u00f3dztw.<\/p>\r\n<p>Projekt odbywa\u0107 si\u0119 b\u0119dzie w formie 3 cykli szkoleniowych, ka\u017cdy sk\u0142adaj\u0105cy si\u0119 z czterech tygodniowych skoszarowanych zjazd\u00f3w z obs\u0142ugi smartfonu. W ka\u017cdym cyklu we\u017amie udzia\u0142 po 20 os\u00f3b niepe\u0142nosprawnych z tytu\u0142u utraty wzroku. Tym samym w ca\u0142ym projekcie we\u017amie udzia\u0142 60 beneficjent\u00f3w.<\/p>\r\n<p>W ka\u017cdym zje\u017adzie we\u017amie udzia\u0142 grupa 30 os\u00f3b, w tym: 20 beneficjent\u00f3w, 5 wyk\u0142adowc\u00f3w i 5 asystent\u00f3w dla os\u00f3b niewidomych(wolontariat).<\/p>\r\n<p>Ka\u017cdy z 60 beneficjent\u00f3w otrzyma 192 godziny wsparcia w postaci zaj\u0119\u0107 grupowych (4 zjazdy szkoleniowe * 6 dni zaj\u0119\u0107 * 8 godzin).<\/p>\r\n<p>W trakcie pierwszych zjazd\u00f3w ka\u017cdego z 3 cykli szkoleniowych utworzone zostan\u0105 IPD dla beneficjent\u00f3w.<\/p>\r\n<p>Szkolenie zako\u0144czy si\u0119 egzaminem i po jego zdaniu uzyskaniem za\u015bwiadczenia o uko\u0144czeniu szkolenia.<\/p>\r\n<p>Do przeprowadzenia zaj\u0119\u0107 merytorycznych z zakresu obs\u0142ugi smartfonu zaanga\u017cowany zostanie 5-osobowy zesp\u00f3\u0142 wyk\u0142adowc\u00f3w, maj\u0105cych du\u017ce do\u015bwiadczenie w pracy z osobami niewidomymi i s\u0142abowidz\u0105cymi.<\/p>\r\n<p>Opiek\u0119 nad beneficjentami b\u0119dzie sprawowa\u0142a grupa 5 asystent\u00f3w.<\/p>\r\n<p>Forma prowadzenia zaj\u0119\u0107 dostosowana b\u0119dzie do mo\u017cliwo\u015bci uczestnik\u00f3w.<\/p>\r\n<p>Przewidziane przez Wnioskodawc\u0119 dzia\u0142ania pozwol\u0105 na rozwini\u0119cie nowych umiej\u0119tno\u015bci w zakresie obs\u0142ugi smartfonu i korzystania z niezliczonych funkcji oferowanych przez to urz\u0105dzenie i podniesienie umiej\u0119tno\u015bci os\u00f3b niepe\u0142nosprawnych z tytu\u0142u utraty wzroku w komunikowaniu si\u0119, w dost\u0119pie do informacji, a tym samym na zwi\u0119kszenie samodzielno\u015bci tej grupy spo\u0142ecznej.<\/p>\r\n<p>Beneficjenci zapoznaj\u0105 si\u0119 z r\u00f3\u017cnymi programami u\u0142atwiaj\u0105cymi niewidomym obs\u0142ug\u0119 smartfonu, naucz\u0105 si\u0119 korzysta\u0107 z najpopularniejszych i najbardziej po\u017cytecznych aplikacji (m.in. p\u0142atno\u015bci elektroniczne, portale spo\u0142eczno\u015bciowe), nawigacji, internetu i poczty elektronicznej.<\/p>\r\n<p>Z ankiet ewaluacyjnych z poprzednio realizowanych przez Fundacj\u0119 projekt\u00f3w wynika, \u017ce niewidomi napotykaj\u0105 na wiele barier i ogranicze\u0144 w \u017cyciu codziennym, z kt\u00f3rych najwa\u017cniejsze to brak swobodnego dost\u0119pu do wiedzy i informacji oraz izolacja spo\u0142eczna.<\/p>\r\n<p>Bariery te powinny zosta\u0107 w wi\u0119kszo\u015bci zminimalizowane poprzez udzia\u0142 w projekcie i uzyskanie podczas zaj\u0119\u0107 po\u017cytecznych umiej\u0119tno\u015bci oraz niezb\u0119dnej wiedzy.<\/p>\r\n<p>Wnioskodawca planuje akcj\u0119 promocyjn\u0105 projektu z wykorzystaniem stron internetowych innych organizacji pozarz\u0105dowych dzia\u0142aj\u0105cych na rzecz os\u00f3b z niepe\u0142nosprawno\u015bciami oraz og\u00f3lnopolskiego miesi\u0119cznika &#8222;Cross&#8221; publikowanemu dzi\u0119ki wsparciu finansowemu Funduszu.<\/p>\r\n<p>Realizuj\u0105c niniejszy projekt Fundacja przyczyni si\u0119 do zwi\u0119kszenia samodzielno\u015bci os\u00f3b niewidomych i s\u0142abowidz\u0105cych, pomagaj\u0105c im tym samym w \u0142atwiejszym dost\u0119pie do informacji, infrastruktury i komunikacji elektronicznej. Dzi\u0119ki uzyskanemu dofinansowaniu b\u0119dzie mo\u017cliwe obj\u0105\u0107 wsparciem wi\u0119ksz\u0105 grup\u0119 os\u00f3b ni\u017c dotychczas oraz zastosowa\u0107 nowe metody dzia\u0142ania, kt\u00f3rych wcze\u015bniej nie m\u00f3g\u0142 u\u017cy\u0107 ze wzgl\u0119du na brak \u015brodk\u00f3w finansowych.<\/p>\r\n<p>W wyniku realizacji projektu osi\u0105gni\u0119te zostan\u0105 zar\u00f3wno twarde jak i mi\u0119kkie rezultaty. Do rezultat\u00f3w twardych nale\u017cy zaliczy\u0107: zorganizowanie 3 cykli sk\u0142adaj\u0105cych si\u0119 z 4 tygodniowych zjazd\u00f3w z zakresu obs\u0142ugi smartfonu i jego wsp\u00f3\u0142pracy z komputerem, uko\u0144czenie szkole\u0144 przez co najmniej 54 beneficjent\u00f3w &#8211; osoby niewidome i s\u0142abowidz\u0105ce, z kt\u00f3rych ka\u017cdy podczas zjazd\u00f3w we\u017amie udzia\u0142 w 192 godzinach grupowych zaj\u0119\u0107 merytorycznych, opracowanie 60 IPD.<\/p>\r\n<p>Ka\u017cdy z beneficjent\u00f3w, kt\u00f3ry zda egzamin ko\u0144cowy, otrzyma za\u015bwiadczenia o uko\u0144czeniu szkolenia.<\/p>\r\n<p>Do rezultat\u00f3w mi\u0119kkich zaliczy\u0107 nale\u017cy: zwi\u0119kszenie samodzielno\u015bci os\u00f3b niewidomych i s\u0142abowidz\u0105cych, wyr\u00f3wnanie ich szans w radzeniu sobie z problemami dnia codziennego, zdobycie nowej wiedzy oraz mo\u017cliwo\u015bci jej pog\u0142\u0119biania, podniesienie szans na kontynuowanie nauki.<\/p>\r\n<p>Beneficjenci ostateczni rekrutowani b\u0119d\u0105 z terenu ca\u0142ej Polski.<\/p>\r\n<p>Wnioskodawca zapewni udzia\u0142 beneficjent\u00f3w z co najmniej 8 wojew\u00f3dztw.<\/p>\r\n<p>W swoich \u015brodowiskach lokalnych (stowarzyszeniach, ko\u0142ach i okr\u0119gach Polskiego Zwi\u0105zku Niewidomych itp.) beneficjenci b\u0119d\u0105 mogli przekazywa\u0107 zdobyt\u0105 wiedz\u0119 i umiej\u0119tno\u015bci pozosta\u0142ym cz\u0142onkom co w przysz\u0142o\u015bci zach\u0119ci wiele os\u00f3b do wyj\u015bcia z izolacji i pe\u0142nej alienacji w jakiej si\u0119 znajduj\u0105. Osoby niewidome bardzo cz\u0119sto skazane s\u0105 na samotno\u015b\u0107 lub przebywanie w bardzo zamkni\u0119tym \u015brodowisku co tylko pog\u0142\u0119bia ich frustracj\u0119 i problemy \u017cyciowe.<\/p>\r\n<p>Celem szkolenia jest przygotowanie kursanta do korzystania z pe\u0142ni mo\u017cliwo\u015bci oferowanych przez wsp\u00f3\u0142czesne smartfony.<\/p>\r\n<p>Beneficjent, kt\u00f3ry we\u017amie udzia\u0142 w szkoleniu b\u0119dzie posiada\u0142 elementarn\u0105 wiedz\u0119 z zakresu poj\u0119\u0107 informatycznych oraz stosowania technik obs\u0142ugi smartfonu. Kurs ten pozwoli uczestnikom na praktyczne rozwi\u0105zanie podstawowych problem\u00f3w wynikaj\u0105cych z charakteru ich pracy, a tak\u017ce b\u0119dzie k\u0142ad\u0142 nacisk na bezpiecze\u0144stwo pracy zar\u00f3wno fizyczne jak i informatyczne. Dzi\u0119ki zastosowanej formie wsparcia beneficjenci naucz\u0105 si\u0119 korzysta\u0107 z najpopularniejszych i najbardziej u\u017cytecznych aplikacji oferowanych na smartfony, poczty elektronicznej, obs\u0142ugiwa\u0107 przegl\u0105dark\u0119 internetow\u0105 oraz liczne programy umo\u017cliwiaj\u0105ce korzystanie ze smartfonu osobom, kt\u00f3re wzrokiem si\u0119 nie pos\u0142uguj\u0105.<\/p>\r\n<p>Po uko\u0144czeniu projektu beneficjenci b\u0119d\u0105 w stanie w pe\u0142ni samodzielnie korzysta\u0107 z narz\u0119dzia jakim jest smartfon.<\/p>\r\n<br \/>\r\n<p>&nbsp;<\/p>\r\n<p><strong>AKTUALNO\u015aCI Z REALIZACJI PROJEKTU<\/strong><\/p>\r\n<p>6 marca 2026 roku:<\/p>\r\n<p>Fundacja ZKF \u201eOlimp\u201d og\u0142asza nab\u00f3r uczestnik\u00f3w \u2013 osoby pe\u0142noletnie o znacznym lub umiarkowanym stopniu niepe\u0142nosprawno\u015bci z tytu\u0142u utraty wzroku na trzy edycje szkolenia z zakresu obs\u0142ugi smartfonu. Szkolenia maj\u0105 na celu zwi\u0119kszenie samodzielno\u015bci os\u00f3b niewidomych i s\u0142abowidz\u0105cych poprzez podniesienie umiej\u0119tno\u015bci w komunikowaniu si\u0119 i w dost\u0119pie do informacji.<\/p>\r\n<p>&nbsp;<\/p>\r\n<p>Zapisy prowadzone s\u0105 na stronie: <a href=\"http:\/\/szkoleniaolimp.pl\">szkoleniaolimp.pl<\/a><\/p>\r\n<p>Informacje o szkoleniu:<\/p>\r\n<p>Szkolenie sk\u0142ada si\u0119 z czterech tygodniowych zjazd\u00f3w organizowanych w:<\/p>\r\n<p>Hotel \u201eGroman\u201d, Al. Krakowska 76, S\u0119kocin Stary, 05-090 Raszyn (<a href=\"http:\/\/www.groman.pl\/\">www.groman.pl<\/a>)<\/p>\r\n<p>Hotel Kormoran Wellness Medical SPA, 76-212 Rowy, ul. Ko\u015bcielna 16 (<a href=\"http:\/\/kormoran-rowy.pl\/\">kormoran-rowy.pl<\/a>)<\/p>\r\n<p>Zakwaterowanie w pokojach dwuosobowych, bez mo\u017cliwo\u015bci wyboru innych wariant\u00f3w.<\/p>\r\n<p>Odp\u0142atno\u015b\u0107 za udzia\u0142 wynosi\u00a0400 z\u0142\u00a0(za wszystkie 4 zjazdy).<\/p>\r\n<p>&nbsp;<\/p>\r\n<p>Terminy zjazd\u00f3w:<\/p>\r\n<p>Edycja 1:<\/p>\r\n<p>24.04 &#8211; 01.05 &#8211; Rowy<\/p>\r\n<p>01.05 &#8211; 08.05 &#8211; Rowy<\/p>\r\n<p>12.07 &#8211; 19.07 &#8211; Groman<\/p>\r\n<p>23.08 &#8211; 30.08 &#8211; Groman<\/p>\r\n<p>Edycja 2 KR\u0118GLE :<\/p>\r\n<p>07.06 &#8211; 14.06 &#8211; Groman<\/p>\r\n<p>19.07 &#8211; 26.07 &#8211; Groman<\/p>\r\n<p>07.09 &#8211; 14.09 &#8211; Rowy<\/p>\r\n<p>14.09 &#8211; 21.09 &#8211; Rowy<\/p>\r\n<p>Edycja 3:<\/p>\r\n<p>14.06 &#8211; 21.06 &#8211; Groman<\/p>\r\n<p>05.10 -12.10 &#8211; Rowy<\/p>\r\n<p>12.10 -19.10 &#8211; Rowy<\/p>\r\n<p>22.11 &#8211; 29.11 &#8211; Groman<\/p>\r\n<p>Prosimy o zapisywanie si\u0119 na jedn\u0105 edycj\u0119 \u2013 ka\u017cda obejmuje cztery tygodniowe zjazdy.<\/p>\r\n<p>Kontakt<\/p>\r\n<p>Telefon: 602\u2011699\u2011270<br \/>E-mail:\u00a0adamus013@gmail.com<\/p>\r\n<p>Prosimy powo\u0142ywa\u0107 si\u0119 na tytu\u0142 projektu: \u201eMobilna Niezale\u017cno\u015b\u0107\u201d.<\/p>\r\n<p>&nbsp;<\/p>\r\n<p><strong>ZAPRASZAMY DO UDZIA\u0141U W SZKOLENIACH!<\/strong><\/p>\r\n<p><a href=\"http:\/\/www.fundacjaolimp.pl\/wp-content\/uploads\/2026\/03\/plakat-MN2025.jpg\"><img fetchpriority=\"high\" decoding=\"async\" class=\"aligncenter size-full wp-image-459\" src=\"http:\/\/www.fundacjaolimp.pl\/wp-content\/uploads\/2026\/03\/plakat-MN2025.jpg\" alt=\"\" width=\"642\" height=\"898\" srcset=\"http:\/\/www.fundacjaolimp.pl\/wp-content\/uploads\/2026\/03\/plakat-MN2025.jpg 642w, http:\/\/www.fundacjaolimp.pl\/wp-content\/uploads\/2026\/03\/plakat-MN2025-214x300.jpg 214w\" sizes=\"(max-width: 642px) 100vw, 642px\" \/><\/a><\/p>\r\n<\/div>\r\n<\/div>\r\n","protected":false},"excerpt":{"rendered":"<p>Szkolenie z zakresu obs\u0142ugi smartfonu Fundacja Zwi\u0105zku Kultury Fizycznej \u201eOlimp\u201d informuje, \u017ce w okresie od 1 stycznia do 31 grudnia 2026 r. realizuje projekt \u201eMOBILNA NIEZALE\u017bNO\u015a\u0106&#8221;. Projekt jest wsp\u00f3\u0142finansowany ze \u015brodk\u00f3w Pa\u0144stwowego Funduszu Rehabilitacji Os\u00f3b Niepe\u0142nosprawnych w ramach Konkursu nr 1\/2025 pn. \u201eSi\u0142a mo\u017cliwo\u015bci\u201d.<\/p>\n","protected":false},"author":1,"featured_media":0,"parent":0,"menu_order":0,"comment_status":"closed","ping_status":"closed","template":"","meta":{"_kadence_starter_templates_imported_post":false,"footnotes":""},"class_list":["post-437","page","type-page","status-publish","hentry"],"_links":{"self":[{"href":"http:\/\/www.fundacjaolimp.pl\/index.php\/wp-json\/wp\/v2\/pages\/437","targetHints":{"allow":["GET"]}}],"collection":[{"href":"http:\/\/www.fundacjaolimp.pl\/index.php\/wp-json\/wp\/v2\/pages"}],"about":[{"href":"http:\/\/www.fundacjaolimp.pl\/index.php\/wp-json\/wp\/v2\/types\/page"}],"author":[{"embeddable":true,"href":"http:\/\/www.fundacjaolimp.pl\/index.php\/wp-json\/wp\/v2\/users\/1"}],"replies":[{"embeddable":true,"href":"http:\/\/www.fundacjaolimp.pl\/index.php\/wp-json\/wp\/v2\/comments?post=437"}],"version-history":[{"count":7,"href":"http:\/\/www.fundacjaolimp.pl\/index.php\/wp-json\/wp\/v2\/pages\/437\/revisions"}],"predecessor-version":[{"id":461,"href":"http:\/\/www.fundacjaolimp.pl\/index.php\/wp-json\/wp\/v2\/pages\/437\/revisions\/461"}],"wp:attachment":[{"href":"http:\/\/www.fundacjaolimp.pl\/index.php\/wp-json\/wp\/v2\/media?parent=437"}],"curies":[{"name":"wp","href":"https:\/\/api.w.org\/{rel}","templated":true}]}}