{"id":432,"date":"2026-03-05T13:14:04","date_gmt":"2026-03-05T13:14:04","guid":{"rendered":"http:\/\/www.fundacjaolimp.pl\/?page_id=432"},"modified":"2026-03-05T13:14:04","modified_gmt":"2026-03-05T13:14:04","slug":"informacja-o-wyborze-wykonawcy-wedlug-zasady-konkurencyjnosci-dla-postepowania-numer-4-2026-na","status":"publish","type":"page","link":"http:\/\/www.fundacjaolimp.pl\/index.php\/informacja-o-wyborze-wykonawcy-wedlug-zasady-konkurencyjnosci-dla-postepowania-numer-4-2026-na\/","title":{"rendered":"INFORMACJA O WYBORZE WYKONAWCY WED\u0141UG ZASADY KONKURENCYJNO\u015aCI DLA POST\u0118POWANIA NUMER 4\/2026 NA:"},"content":{"rendered":"<p><strong>INFORMACJA O WYBORZE WYKONAWCY WED\u0141UG ZASADY KONKURENCYJNO\u015aCI DLA POST\u0118POWANIA NUMER 4\/2026 NA:<\/strong><\/p>\n<p>Us\u0142ug\u0119 zakwaterowania i wy\u017cywienia grupy 30 os\u00f3b podczas sze\u015bciu\u00a0 zjazd\u00f3w szkoleniowych (ka\u017cdy po 7 d\u00f3b hotelowych) oraz wynajem pomieszcze\u0144 do przeprowadzenia zaj\u0119\u0107 z zakresu obs\u0142ugi komputera dla os\u00f3b s\u0142abowidz\u0105cych i niewidomych organizowanego w ramach projektu \u201eCyfrowa Samodzielno\u015b\u0107\u201d wsp\u00f3\u0142finansowanego ze \u015brodk\u00f3w Pa\u0144stwowego Funduszu Rehabilitacji Os\u00f3b Niepe\u0142nosprawnych w ramach konkursu numer 1\/2025 pn. \u201eSi\u0142a mo\u017cliwo\u015bci\u201d, w ramach art. 36 ustawy o rehabilitacji zawodowej i spo\u0142ecznej oraz zatrudnianiu os\u00f3b niepe\u0142nosprawnych (kod CPV 55000000-0 Us\u0142ugi hotelarskie, restauracyjne i handlu detalicznego, 70220000-9 Us\u0142ugi wynajmu lub leasingu nieruchomo\u015bci innych ni\u017c mieszkalne).<\/p>\n<p>&nbsp;<\/p>\n<p>Przedmiot post\u0119powania:<\/p>\n<p>Przedmiotem zam\u00f3wienia jest us\u0142uga zakwaterowania i wy\u017cywienia grupy 30 os\u00f3b podczas sze\u015bciu\u00a0 zjazd\u00f3w szkoleniowych (ka\u017cdy po 7 d\u00f3b hotelowych) oraz wynajem pomieszcze\u0144 do przeprowadzenia zaj\u0119\u0107 z zakresu obs\u0142ugi komputera dla os\u00f3b s\u0142abowidz\u0105cych i niewidomych organizowanego w ramach projektu \u201eCyfrowa Samodzielno\u015b\u0107\u201d wsp\u00f3\u0142finansowanego ze \u015brodk\u00f3w Pa\u0144stwowego Funduszu Rehabilitacji Os\u00f3b Niepe\u0142nosprawnych w ramach konkursu numer 1\/2025 pn. \u201eSi\u0142a mo\u017cliwo\u015bci\u201d, w ramach art. 36 ustawy o rehabilitacji zawodowej i spo\u0142ecznej oraz zatrudnianiu os\u00f3b niepe\u0142nosprawnych (kod CPV 55000000-0 Us\u0142ugi hotelarskie, restauracyjne i handlu detalicznego, 70220000-9 Us\u0142ugi wynajmu lub leasingu nieruchomo\u015bci innych ni\u017c mieszkalne).<\/p>\n<p>&nbsp;<\/p>\n<p>Przedmiot zam\u00f3wienia obejmuje:<\/p>\n<p>&#8211; zapewnienie zakwaterowania i wy\u017cywienia dla 30 os\u00f3b (w tym: 20 doros\u0142ych os\u00f3b niewidomych i s\u0142abowidz\u0105cych &#8211; uczestnik\u00f3w szkolenia) w pokojach dwuosobowych z pe\u0142nym w\u0119z\u0142em sanitarnym;<\/p>\n<p>&#8211; minimalne wyposa\u017cenie pokoju: 2 oddzielne \u0142\u00f3\u017cka, szafa ubraniowa, stolik, 2 krzes\u0142a, telewizor, bezp\u0142atny i nielimitowany dost\u0119p do Internetu;<\/p>\n<p>&#8211; ka\u017cdy z sze\u015bciu zjazd\u00f3w musi trwa\u0107 7 d\u00f3b hotelowych;<\/p>\n<p>&#8211; wszystkie sze\u015b\u0107 zjazd\u00f3w musi by\u0107 zorganizowane w okresie pomi\u0119dzy 11 kwietnia 2026 i 31 pa\u017adziernika 2026 r.;<\/p>\n<p>&#8211; terminy zaj\u0119\u0107 ka\u017cdego z sze\u015bciu zjazd\u00f3w nie mog\u0105 na siebie nachodzi\u0107;<\/p>\n<p>&#8211; zapewnienie pe\u0142nego wy\u017cywienia dla uczestnik\u00f3w \u2013 3 posi\u0142ki dziennie (\u015bniadanie, obiad i kolacja \u2013 wszystkie posi\u0142ki w formie bufetu szwedzkiego);<\/p>\n<p>&#8211; pierwszy posi\u0142ek to kolacja w dniu przyjazdu, ostatni posi\u0142ek to obiad (lub prowiant) w dniu wyjazdu grupy;<\/p>\n<p>&#8211; o\u015brodek, w kt\u00f3rym \u015bwiadczona b\u0119dzie us\u0142uga, musi znajdowa\u0107 si\u0119 w wojew\u00f3dztwie pomorskim i w granicach administracyjnych Gda\u0144ska lub Gdyni lub Sopotu lub w odleg\u0142o\u015bci maksymalnie 1 kilometra w linii prostej od linii brzegowej Morza Ba\u0142tyckiego;<\/p>\n<p>&#8211; o\u015brodek, w kt\u00f3rym \u015bwiadczona b\u0119dzie us\u0142uga, musi spe\u0142nia\u0107 kryteria hotelu trzygwiazdkowego,<\/p>\n<p>&#8211; o\u015brodek, w kt\u00f3rym \u015bwiadczona b\u0119dzie us\u0142uga, musi spe\u0142nia\u0107 standardy dost\u0119pno\u015bci dla os\u00f3b niepe\u0142nosprawnych zgodnie z obowi\u0105zuj\u0105cymi w Polsce przepisami prawa;<\/p>\n<p>&#8211; o\u015brodek, w kt\u00f3rym zakwaterowana b\u0119dzie grupa, musi posiada\u0107 5 pomieszcze\u0144 do przeprowadzenia szkolenia z zakresu obs\u0142ugi komputera dla os\u00f3b niewidomych i s\u0142abowidz\u0105cych (ka\u017cde dla 4 os\u00f3b i 1 wyk\u0142adowcy) przez 6 dni podczas ka\u017cdego ze zjazd\u00f3w;<\/p>\n<p>&#8211; ka\u017cde z w\/w pomieszcze\u0144 musi mie\u0107 powierzchni\u0119 minimum 15 m.kw.;<\/p>\n<p>&#8211; w\/w pomieszczenia b\u0119d\u0105 wykorzystywane przez 6 dni (pocz\u0105wszy od dnia nast\u0119pnego po dniu przyjazdu), po 8 godzin zegarowych zaj\u0119\u0107 plus przerwy: w godzinach porannych od 9:00 do 13:45, popo\u0142udniowych od 15.15 do 18.45 i wieczornych od 20.00 do 21.00;<\/p>\n<p>&#8211; pomieszczenia szkoleniowe powinny by\u0107 wyposa\u017cone minimum w: stoliki, krzes\u0142a i infrastruktur\u0119 techniczn\u0105 umo\u017cliwiaj\u0105c\u0105 zainstalowanie 4 stanowisk komputerowych oraz laptopa wyk\u0142adowcy (sprz\u0119t komputerowy zapewnia Zamawiaj\u0105cy);<\/p>\n<p>&#8211; w ka\u017cdym z pomieszcze\u0144 szkoleniowych musi by\u0107 zapewniony bezp\u0142atny dost\u0119p do szybkiego Internetu min. 50 mb\/s;<\/p>\n<p>&#8211; w cenie wynajmu sal musi si\u0119 zawiera\u0107 serwis kawowy sk\u0142adaj\u0105cy si\u0119 minimum z: kawy, herbaty, wody mineralnej owoc\u00f3w oraz s\u0142odkich i s\u0142onych przek\u0105sek.<\/p>\n<p>&nbsp;<\/p>\n<p>Zaproszenie ofertowe wraz z 2 za\u0142\u0105cznikami wywieszono w dniu 17 lutego 2026 r. w siedzibie Zamawiaj\u0105cego oraz na jego stronie internetowej (<a href=\"http:\/\/www.fundacjaolimp.pl\">www.fundacjaolimp.pl<\/a>).<\/p>\n<p>Zaproszenie wys\u0142ano w dniu 17 lutego 2026 r. mailem do nast\u0119puj\u0105cych podmiot\u00f3w:<\/p>\n<ol>\n<li>Novotel Gda\u0144sk Marina, <a href=\"https:\/\/www.google.com\/maps\/place\/data=!4m2!3m1!1s0x46fd0add8ff9f85f:0xeaa9f6b7e06f7f8d?sa=X&amp;ved=1t:8290&amp;ictx=111\">Jelitkowska 20, 80-342 Gda\u0144sk<\/a>, <a href=\"mailto:h3375@accor.com\">h3375@accor.com<\/a><\/li>\n<li>Hotel Novotel Gda\u0144sk Centrum, <a href=\"https:\/\/www.google.com\/maps\/place\/data=!4m2!3m1!1s0x46fd73a149055015:0xbce4b0114910ec1e?sa=X&amp;ved=1t:8290&amp;ictx=111\">Pszenna 1, 80-749 Gda\u0144sk<\/a>, <a href=\"mailto:H0523@accor.com\">H0523@accor.com<\/a><\/li>\n<li>Kormoran MediSPA, Ko\u015bcielna 16, 76-212 Rowy, <a href=\"mailto:sprzedaz@kormoran-rowy.pl\">sprzedaz@kormoran-rowy.pl<\/a><\/li>\n<li>Mercure Gda\u0144sk Posejdon, <a href=\"https:\/\/www.google.com\/maps\/place\/data=!4m2!3m1!1s0x46fd0adf4d14ce9d:0x9479dbdce0b31639?sa=X&amp;ved=1t:8290&amp;ictx=111\">Kapliczna 30, 80-341 Gda\u0144sk<\/a>, <a href=\"mailto:H3391@accor.com\">H3391@accor.com<\/a><\/li>\n<li>Hotel Arena Expo. Marynarki Polskiej 71. 80-557 Gda\u0144sk, <a href=\"mailto:recepcja@hotelarenaexpo.pl\">recepcja@hotelarenaexpo.pl<\/a><\/li>\n<\/ol>\n<p>&nbsp;<\/p>\n<p>Zaproszenie ofertowe wywieszone w siedzibie zdj\u0119to w dniu 2 marca 2026 r.<\/p>\n<p>Termin sk\u0142adania ofert wyznaczono na dzie\u0144 27 lutego 2026 r. do godziny 12:00.<\/p>\n<p>W przypadku ofert sk\u0142adanych drog\u0105 pocztow\u0105 decydowa\u0142a data stempla pocztowego.<\/p>\n<p>&nbsp;<\/p>\n<p>W wyznaczonym terminie do Fundacji Zwi\u0105zku Kultury Fizycznej \u201eOlimp\u201d z\u0142o\u017cona zosta\u0142a 1 oferta:<\/p>\n<p><strong>Oferta numer 1<\/strong><\/p>\n<p>W dniu 23 lutego 2026 r. (poczt\u0105), wp\u0142yn\u0119\u0142a oferta przygotowana przez<\/p>\n<p>Wypoczynek i Turystyka Sp. z o.o. Kormoran MediSpa, ul. Ko\u015bcielna 16, 76-212 Rowy.<\/p>\n<p>Zaproponowany przez Wykonawc\u0119 \u0142\u0105czny koszt us\u0142ugi zakwaterowania i wy\u017cywienia uczestnik\u00f3w: 315.000 z\u0142 i \u0142\u0105czny koszt us\u0142ugi wynajmu sal: 112.500 z\u0142.<\/p>\n<p>Razem: 427.500 z\u0142.<\/p>\n<p>Oferta by\u0142a poprawna pod wzgl\u0119dem formalnym i kompletna.<\/p>\n<p>&nbsp;<\/p>\n<p>Kryteria oceny ofert:<\/p>\n<p>Zamawiaj\u0105cy dokona oceny wa\u017cnych ofert na podstawie nast\u0119puj\u0105cych kryteri\u00f3w:<\/p>\n<p>1)\u00a0\u00a0\u00a0 cena brutto og\u00f3\u0142em (ca\u0142kowity koszt) \u2013 70%<\/p>\n<p>Oferta z najni\u017csz\u0105 cen\u0105 uzyska 70 pkt. w tej cz\u0119\u015bci oceny. Pozosta\u0142e oferty zostan\u0105 ocenione wed\u0142ug nast\u0119puj\u0105cego wzoru:<\/p>\n<p>An = (a min\/ a n) * 70 pkt, gdzie:<\/p>\n<p>a min \u2013 cena minimalna w\u015br\u00f3d z\u0142o\u017conych ofert<\/p>\n<p>a n \u2013 cena zaproponowana przez oferenta n<\/p>\n<p>2)\u00a0\u00a0\u00a0 standard i wyposa\u017cenie pomieszcze\u0144 szkoleniowych \u2013 10 %<\/p>\n<p>Oferta z najwy\u017cszym standardem sal otrzyma 10 pkt. w tej cz\u0119\u015bci oceny.<\/p>\n<p>3)\u00a0\u00a0\u00a0 warunki pobytu (standard wyposa\u017cenia pokoi i \u0142azienek) \u201320 %<\/p>\n<p>Oferta z najwy\u017cszym standardem pokoi otrzyma 20 pkt. w tej cz\u0119\u015bci oceny.<\/p>\n<p>4) W przypadku udokumentowania przez Oferenta do\u015bwiadczenia w realizacji us\u0142ugi wy\u017cywienia i zakwaterowania na rzecz os\u00f3b z niepe\u0142nosprawno\u015bci\u0105 wzroku (grupa co najmniej 10 os\u00f3b z niepe\u0142nosprawno\u015bci\u0105) w okresie ostatnich 3 lat, uzyska on dodatkowe 10 punkt\u00f3w. Do\u015bwiadczenie musi by\u0107 udokumentowane w postaci pisemnej rekomendacji wystawionej dla Oferenta przez korzystaj\u0105cego z us\u0142ugi (firm\u0119, instytucj\u0119, organizacj\u0119 pozarz\u0105dow\u0105 itp.).<\/p>\n<p>5) W przypadku zaoferowania przez Oferenta dodatkowych \u015bwiadcze\u0144 w cenie us\u0142ugi mo\u017ce on otrzyma\u0107 dodatkowe punkty (nie wi\u0119cej ni\u017c 10 punkt\u00f3w).<\/p>\n<p>&nbsp;<\/p>\n<p>W sumie Wykonawca mo\u017ce uzyska\u0107 maksymalnie 120 pkt. Warto\u015b\u0107 punktow\u0105 podaje si\u0119 w zaokr\u0105gleniu do dw\u00f3ch miejsc po przecinku.<\/p>\n<p>&nbsp;<\/p>\n<p>Ocena z\u0142o\u017conych ofert:<\/p>\n<table width=\"606\">\n<tbody>\n<tr>\n<td width=\"30\"><strong>LP<\/strong><\/td>\n<td width=\"115\"><strong>OFERENT<\/strong><\/td>\n<td width=\"115\"><strong>CENA BRUTTO OG\u00d3\u0141EM (CA\u0141KOWITY KOSZT)<\/strong><\/td>\n<td width=\"52\"><strong>KRYT. 1<\/strong><\/p>\n<p><strong>(70 pkt)<\/strong><\/td>\n<td width=\"57\"><strong>KRYT. 2<\/strong><\/p>\n<p><strong>(10 pkt)<\/strong><\/td>\n<td width=\"57\"><strong>KRYT.\u00a0 3<\/strong><\/p>\n<p><strong>(20 pkt)<\/strong><\/td>\n<td width=\"57\"><strong>KRYT. 4<\/strong><\/p>\n<p><strong>(10 pkt)<\/strong><\/td>\n<td width=\"57\"><strong>KRYT. 5<\/strong><\/p>\n<p><strong>(10 pkt)<\/strong><\/td>\n<td width=\"67\"><strong>\u0141\u0104CZNA LICZBA LUNKT\u00d3W<\/strong><\/td>\n<\/tr>\n<tr>\n<td width=\"30\">1<\/td>\n<td width=\"115\">Wypoczynek i Turystyka Sp. z o.o. Kormoran MediSpa, ul. Ko\u015bcielna 16, 76-212 Rowy<\/td>\n<td width=\"115\">427.500 z\u0142<\/td>\n<td width=\"52\">70,00<\/td>\n<td width=\"57\">10<\/td>\n<td width=\"57\">20<\/td>\n<td width=\"57\">10<\/td>\n<td width=\"57\">10<\/td>\n<td width=\"67\">120,00<\/td>\n<\/tr>\n<\/tbody>\n<\/table>\n<p><strong>\u00a0<\/strong><\/p>\n<p>Zaproponowana przez Oferenta cena za wynajem sal by\u0142a wy\u017csza od kwoty przewidzianej w kosztorysie projektu. W zwi\u0105zku z powy\u017cszym Zamawiaj\u0105cy skierowa\u0142 w dniu 2 marca pismo do Oferenta i poprosi\u0142 o deklaracj\u0119 wykonania przedmiotu zam\u00f3wienia zgodnie ze stawk\u0105 z kosztorysu projektu. Oferent udzieli\u0142 odpowiedzi 3 marca 2026 roku i zaakceptowa\u0142 now\u0105, ni\u017csz\u0105 stawk\u0119, zgodn\u0105 z bud\u017cetem zadania.<\/p>\n<p>&nbsp;<\/p>\n<p>Wybrany wykonawca:<\/p>\n<p>Na podstawie kryteri\u00f3w oceny formalnej i merytorycznej za najkorzystniejsz\u0105 uznana zosta\u0142a oferta z\u0142o\u017cona przez Wypoczynek i Turystyka Sp. z o.o. Kormoran MediSpa, ul. Ko\u015bcielna 16, 76-212 Rowy.<\/p>\n","protected":false},"excerpt":{"rendered":"<p>INFORMACJA O WYBORZE WYKONAWCY WED\u0141UG ZASADY KONKURENCYJNO\u015aCI DLA POST\u0118POWANIA NUMER 4\/2026 NA: Us\u0142ug\u0119 zakwaterowania i wy\u017cywienia grupy 30 os\u00f3b podczas sze\u015bciu\u00a0 zjazd\u00f3w szkoleniowych (ka\u017cdy po 7 d\u00f3b hotelowych) oraz wynajem pomieszcze\u0144 do przeprowadzenia zaj\u0119\u0107 z zakresu obs\u0142ugi komputera dla os\u00f3b s\u0142abowidz\u0105cych i niewidomych organizowanego w ramach projektu \u201eCyfrowa Samodzielno\u015b\u0107\u201d wsp\u00f3\u0142finansowanego ze \u015brodk\u00f3w Pa\u0144stwowego Funduszu Rehabilitacji [&hellip;]<\/p>\n","protected":false},"author":1,"featured_media":0,"parent":0,"menu_order":0,"comment_status":"closed","ping_status":"closed","template":"","meta":{"_kadence_starter_templates_imported_post":false,"footnotes":""},"class_list":["post-432","page","type-page","status-publish","hentry"],"_links":{"self":[{"href":"http:\/\/www.fundacjaolimp.pl\/index.php\/wp-json\/wp\/v2\/pages\/432","targetHints":{"allow":["GET"]}}],"collection":[{"href":"http:\/\/www.fundacjaolimp.pl\/index.php\/wp-json\/wp\/v2\/pages"}],"about":[{"href":"http:\/\/www.fundacjaolimp.pl\/index.php\/wp-json\/wp\/v2\/types\/page"}],"author":[{"embeddable":true,"href":"http:\/\/www.fundacjaolimp.pl\/index.php\/wp-json\/wp\/v2\/users\/1"}],"replies":[{"embeddable":true,"href":"http:\/\/www.fundacjaolimp.pl\/index.php\/wp-json\/wp\/v2\/comments?post=432"}],"version-history":[{"count":1,"href":"http:\/\/www.fundacjaolimp.pl\/index.php\/wp-json\/wp\/v2\/pages\/432\/revisions"}],"predecessor-version":[{"id":433,"href":"http:\/\/www.fundacjaolimp.pl\/index.php\/wp-json\/wp\/v2\/pages\/432\/revisions\/433"}],"wp:attachment":[{"href":"http:\/\/www.fundacjaolimp.pl\/index.php\/wp-json\/wp\/v2\/media?parent=432"}],"curies":[{"name":"wp","href":"https:\/\/api.w.org\/{rel}","templated":true}]}}