{"id":33,"date":"2024-05-29T11:51:52","date_gmt":"2024-05-29T11:51:52","guid":{"rendered":"http:\/\/www.fundacjaolimp.pl\/?page_id=33"},"modified":"2026-03-07T21:58:33","modified_gmt":"2026-03-07T21:58:33","slug":"projekty","status":"publish","type":"page","link":"http:\/\/www.fundacjaolimp.pl\/index.php\/projekty\/","title":{"rendered":"Projekty"},"content":{"rendered":"<p style=\"text-align: center;\"><strong>informacja o realizowanych projektach w 2026 roku przez Fundacj\u0119 Zwi\u0105zku Kultury Fizycznej OLIMP<\/strong><\/p>\n<p><strong>Projekty realizowane:<\/strong><\/p>\n<p style=\"text-align: center;\"><a href=\"http:\/\/www.fundacjaolimp.pl\/index.php\/cyfrowa-samodzielnosc\/\"><strong>CYFROWA SAMODZIELNO\u015a\u0106<\/strong><\/a><\/p>\n<p style=\"text-align: center;\"><a href=\"http:\/\/www.fundacjaolimp.pl\/index.php\/mobilna-niezaleznosc\/\"><strong>MOBILNA NIEZALE\u017bNO\u015a\u0106<\/strong><\/a><\/p>\n<p><strong>Projekty zako\u0144czone<\/strong>:<\/p>\n<p style=\"text-align: center;\"><a href=\"http:\/\/www.fundacjaolimp.pl\/index.php\/projekt-smart-start-cyfrowa-niezaleznosc\/\">&#8222;SMART START: CYFROWA NIEZALE\u017bNO\u015a\u0106&#8221;<\/a><br \/>\n<a href=\"http:\/\/www.fundacjaolimp.pl\/index.php\/projekt-technologie-na-wyciagniecie-reki\/\">&#8222;TECHNOLOGIE NA WYCI\u0104GNI\u0118CIE R\u0118KI&#8221;<\/a><br \/>\n<a href=\"http:\/\/www.fundacjaolimp.pl\/index.php\/projekty\/pierwszy-krok-2\/\">\u201ePIERWSZY KROK\u201d<\/a><br \/>\n<a href=\"http:\/\/www.fundacjaolimp.pl\/index.php\/projekty\/pomocna-dlon-2024\/\">\u201ePOMOCNA D\u0141O\u0143 2024\u201d<\/a><br \/>\n<a href=\"http:\/\/www.fundacjaolimp.pl\/index.php\/projekty\/gala-mistrzow-sportu-zwiazku-kultury-fizycznej-olimp\/\">Gala Mistrz\u00f3w Sportu Zwi\u0105zku Kultury Fizycznej &#8222;Olimp&#8221;<\/a><br \/>\n<a href=\"http:\/\/www.fundacjaolimp.pl\/index.php\/projekty\/30-lat-kolarstwa\/\">30 lat kolarstwa tandemowego w Polsce<\/a><\/p>\n<p>&nbsp;<\/p>\n<p>&nbsp;<\/p>\n","protected":false},"excerpt":{"rendered":"<p>informacja o realizowanych projektach w 2026 roku przez Fundacj\u0119 Zwi\u0105zku Kultury Fizycznej OLIMP Projekty realizowane: CYFROWA SAMODZIELNO\u015a\u0106 MOBILNA NIEZALE\u017bNO\u015a\u0106 Projekty zako\u0144czone: &#8222;SMART START: CYFROWA NIEZALE\u017bNO\u015a\u0106&#8221; &#8222;TECHNOLOGIE NA WYCI\u0104GNI\u0118CIE R\u0118KI&#8221; \u201ePIERWSZY KROK\u201d \u201ePOMOCNA D\u0141O\u0143 2024\u201d Gala Mistrz\u00f3w Sportu Zwi\u0105zku Kultury Fizycznej &#8222;Olimp&#8221; 30 lat kolarstwa tandemowego w Polsce &nbsp; &nbsp;<\/p>\n","protected":false},"author":1,"featured_media":0,"parent":0,"menu_order":0,"comment_status":"closed","ping_status":"closed","template":"","meta":{"_kadence_starter_templates_imported_post":false,"footnotes":""},"class_list":["post-33","page","type-page","status-publish","hentry"],"_links":{"self":[{"href":"http:\/\/www.fundacjaolimp.pl\/index.php\/wp-json\/wp\/v2\/pages\/33","targetHints":{"allow":["GET"]}}],"collection":[{"href":"http:\/\/www.fundacjaolimp.pl\/index.php\/wp-json\/wp\/v2\/pages"}],"about":[{"href":"http:\/\/www.fundacjaolimp.pl\/index.php\/wp-json\/wp\/v2\/types\/page"}],"author":[{"embeddable":true,"href":"http:\/\/www.fundacjaolimp.pl\/index.php\/wp-json\/wp\/v2\/users\/1"}],"replies":[{"embeddable":true,"href":"http:\/\/www.fundacjaolimp.pl\/index.php\/wp-json\/wp\/v2\/comments?post=33"}],"version-history":[{"count":12,"href":"http:\/\/www.fundacjaolimp.pl\/index.php\/wp-json\/wp\/v2\/pages\/33\/revisions"}],"predecessor-version":[{"id":449,"href":"http:\/\/www.fundacjaolimp.pl\/index.php\/wp-json\/wp\/v2\/pages\/33\/revisions\/449"}],"wp:attachment":[{"href":"http:\/\/www.fundacjaolimp.pl\/index.php\/wp-json\/wp\/v2\/media?parent=33"}],"curies":[{"name":"wp","href":"https:\/\/api.w.org\/{rel}","templated":true}]}}