{"id":325,"date":"2025-04-18T10:26:35","date_gmt":"2025-04-18T10:26:35","guid":{"rendered":"http:\/\/www.fundacjaolimp.pl\/?page_id=325"},"modified":"2025-04-18T10:26:35","modified_gmt":"2025-04-18T10:26:35","slug":"informacja-o-wyborze-wykonawcy-dla-postepowania-numer-1-2025","status":"publish","type":"page","link":"http:\/\/www.fundacjaolimp.pl\/index.php\/informacja-o-wyborze-wykonawcy-dla-postepowania-numer-1-2025\/","title":{"rendered":"INFORMACJA O WYBORZE WYKONAWCY DLA POST\u0118POWANIA NUMER 1\/2025"},"content":{"rendered":"<p><strong>INFORMACJA O WYBORZE WYKONAWCY WED\u0141UG ZASADY KONKURENCYJNO\u015aCI DLA POST\u0118POWANIA NUMER 1\/2025 NA:<\/strong><\/p>\n<p>Us\u0142ug\u0119 zakwaterowania i wy\u017cywienia grupy 30 os\u00f3b podczas sze\u015bciu zjazd\u00f3w szkoleniowych (ka\u017cdy po 7 d\u00f3b hotelowych) oraz wynajem pomieszcze\u0144 do przeprowadzenia zaj\u0119\u0107 z zakresu obs\u0142ugi smartfonu dla os\u00f3b s\u0142abowidz\u0105cych i niewidomych organizowanego w ramach projektu <em>\u201e<\/em>SmartStart: Cyfrowa Niezale\u017cno\u015b\u0107<em>\u201d<\/em>, wsp\u00f3\u0142finansowanego ze \u015brodk\u00f3w Pa\u0144stwowego Funduszu Rehabilitacji Os\u00f3b Niepe\u0142nosprawnych w ramach konkursu numer 1\/2024 pn. \u201eWspieramy aktywno\u015b\u0107\u201d w ramach art. 36 ustawy o rehabilitacji zawodowej i spo\u0142ecznej oraz zatrudnianiu os\u00f3b niepe\u0142nosprawnych (kod CPV 55000000-0 Us\u0142ugi hotelarskie, restauracyjne i handlu detalicznego, 70220000-9 Us\u0142ugi wynajmu lub leasingu nieruchomo\u015bci innych ni\u017c mieszkalne).<\/p>\n<p>&nbsp;<\/p>\n<p>Przedmiot post\u0119powania:<\/p>\n<p>Przedmiotem zam\u00f3wienia jest us\u0142uga zakwaterowania i wy\u017cywienia grupy 30 os\u00f3b podczas sze\u015bciu zjazd\u00f3w szkoleniowych (ka\u017cdy po 7 d\u00f3b hotelowych) oraz wynajem pomieszcze\u0144 do przeprowadzenia zaj\u0119\u0107 z zakresu obs\u0142ugi smartfonu dla os\u00f3b s\u0142abowidz\u0105cych i niewidomych organizowanego w ramach projektu <em>\u201e<\/em>SmartStart: Cyfrowa Niezale\u017cno\u015b\u0107<em>\u201d<\/em>, wsp\u00f3\u0142finansowanego ze \u015brodk\u00f3w Pa\u0144stwowego Funduszu Rehabilitacji Os\u00f3b Niepe\u0142nosprawnych w ramach konkursu numer 1\/2024 pn. \u201eWspieramy aktywno\u015b\u0107\u201d w ramach art. 36 ustawy o rehabilitacji zawodowej i spo\u0142ecznej oraz zatrudnianiu os\u00f3b niepe\u0142nosprawnych (kod CPV 55000000-0 Us\u0142ugi hotelarskie, restauracyjne i handlu detalicznego, 70220000-9 Us\u0142ugi wynajmu lub leasingu nieruchomo\u015bci innych ni\u017c mieszkalne).<\/p>\n<p>&nbsp;<\/p>\n<p>Przedmiot zam\u00f3wienia obejmuje:<\/p>\n<p>&#8211; zapewnienie zakwaterowania i wy\u017cywienia dla 30 os\u00f3b (w tym: 20 doros\u0142ych os\u00f3b niewidomych i s\u0142abowidz\u0105cych &#8211; uczestnik\u00f3w szkolenia) w pokojach dwuosobowych z pe\u0142nym w\u0119z\u0142em sanitarnym;<\/p>\n<p>&#8211; minimalne wyposa\u017cenie pokoju: 2 oddzielne \u0142\u00f3\u017cka, szafa ubraniowa, stolik, 2 krzes\u0142a, telewizor, bezp\u0142atny i nielimitowany dost\u0119p do Internetu;<\/p>\n<p>&#8211; ka\u017cdy z sze\u015bciu zjazd\u00f3w musi trwa\u0107 7 d\u00f3b hotelowych;<\/p>\n<p>&#8211; wszystkie sze\u015b\u0107 zjazd\u00f3w musz\u0105 by\u0107 zorganizowane w okresie pomi\u0119dzy 14 czerwca 2025 i 15 wrze\u015bnia 2025 r.;<\/p>\n<p>&#8211; terminy trwania ka\u017cdego z sze\u015bciu zjazd\u00f3w nie mog\u0105 na siebie nachodzi\u0107;<\/p>\n<p>&#8211; zapewnienie pe\u0142nego wy\u017cywienia dla uczestnik\u00f3w \u2013 3 posi\u0142ki dziennie (\u015bniadanie, obiad i kolacja \u2013 wszystkie posi\u0142ki w formie bufetu szwedzkiego);<\/p>\n<p>&#8211; pierwszy posi\u0142ek to kolacja w dniu przyjazdu, ostatni posi\u0142ek to obiad lub prowiant w dniu wyjazdu grupy;<\/p>\n<p>&#8211; o\u015brodek, w kt\u00f3rym zakwaterowana b\u0119dzie grupa, musi znajdowa\u0107 si\u0119 w granicach administracyjnych Warszawy lub w odleg\u0142o\u015bci maksymalnie 15 kilometr\u00f3w od granicy administracyjnej Warszawy; w przypadku, gdy o\u015brodek znajduje si\u0119 poza granic\u0105 administracyjn\u0105 Warszawy, odleg\u0142o\u015b\u0107 od o\u015brodka do przystanku autobusu lub tramwaju w ramach Warszawskiego Transportu Publicznego nie mo\u017ce przekracza\u0107 300 metr\u00f3w;<\/p>\n<p>&#8211; o\u015brodek, w kt\u00f3rym \u015bwiadczona b\u0119dzie us\u0142uga, musi spe\u0142nia\u0107 kryteria hotelu trzygwiazdkowego,<\/p>\n<p>&#8211; o\u015brodek, w kt\u00f3rym \u015bwiadczona b\u0119dzie us\u0142uga, musi spe\u0142nia\u0107 standardy dost\u0119pno\u015bci dla os\u00f3b niepe\u0142nosprawnych zgodnie z obowi\u0105zuj\u0105cymi w Polsce przepisami prawa;<\/p>\n<p>&#8211; o\u015brodek, w kt\u00f3rym zakwaterowana b\u0119dzie grupa, musi posiada\u0107 5 pomieszcze\u0144 do przeprowadzenia szkolenia z zakresu obs\u0142ugi smartfonu dla os\u00f3b niewidomych i s\u0142abowidz\u0105cych (ka\u017cde dla 4 os\u00f3b i 1 wyk\u0142adowcy) przez 6 dni podczas ka\u017cdego ze zjazd\u00f3w;<\/p>\n<p>&#8211; ka\u017cde z w\/w pomieszcze\u0144 musi mie\u0107 powierzchni\u0119 minimum 15 m.kw.;<\/p>\n<p>&#8211; w\/w pomieszczenia b\u0119d\u0105 wykorzystywane przez 6 dni (pocz\u0105wszy od dnia nast\u0119pnego po dniu przyjazdu), po 8 godzin zegarowych: w godzinach porannych od 8.45 do 13.30, popo\u0142udniowych od 14.30 do 18.00 i wieczornych od 19.00 do 20.00;<\/p>\n<p>&#8211; pomieszczenia szkoleniowe powinny by\u0107 wyposa\u017cone minimum w: stoliki, krzes\u0142a i infrastruktur\u0119 techniczn\u0105 umo\u017cliwiaj\u0105c\u0105 zainstalowanie 4 stanowisk komputerowych oraz laptopa wyk\u0142adowcy (sprz\u0119t komputerowy zapewnia Zamawiaj\u0105cy);<\/p>\n<p>&#8211; w ka\u017cdym z pomieszcze\u0144 szkoleniowych musi by\u0107 zapewniony bezp\u0142atny dost\u0119p do szybkiego Internetu (min. 50mb\/s);<\/p>\n<p>&#8211; w cenie wynajmu sal musi si\u0119 zawiera\u0107 serwis kawowy sk\u0142adaj\u0105cy si\u0119 minimum z: kawy, herbaty, wody mineralnej, owoc\u00f3w oraz s\u0142odkich i s\u0142onych przek\u0105sek.<\/p>\n<p>&nbsp;<\/p>\n<p>Zaproszenie ofertowe wraz z 2 za\u0142\u0105cznikami wywieszono w dniu 28 marca 2025 r. w siedzibie Zamawiaj\u0105cego oraz na jego stronie internetowej (www.fundacjaolimp.pl).<\/p>\n<p>Zaproszenie wys\u0142ano w dniu 28 marca 2025 r. mailem do nast\u0119puj\u0105cych podmiot\u00f3w:<\/p>\n<ol>\n<li>HOTEL GROMAN, Al. Krakowska 76 05-090 Raszyn, S\u0119kocin Stary (<a href=\"mailto:biuro@groman.pl\">biuro@groman.pl<\/a>)<\/li>\n<li>Hotel ELGROM, Aleja Hrabska 6, 05-090 Falenty (<a href=\"mailto:recepcja@hotelgrom.pl\">recepcja@hotelelgrom.pl<\/a>)<\/li>\n<li>Hotel Holiday Park, <a href=\"https:\/\/www.google.com\/maps\/place\/data=!4m2!3m1!1s0x471ec98c854284d1:0x8f35a71e5bd0ebc4?sa=X&amp;ved=1t:8290&amp;ictx=111\">Herold\u00f3w 1B, 01-991 Warszawa<\/a>, sprzedaz@hphotel.pl<\/li>\n<li>Hotel IBIS Warszawa Stare Miasto, <a href=\"https:\/\/www.google.com\/maps\/place\/data=!4m2!3m1!1s0x471ecc76de182915:0x1f932001b2efaf3d?sa=X&amp;ved=1t:8290&amp;ictx=111\">Muranowska 2, 00-209 Warszawa<\/a>, <a href=\"mailto:H3714@accor.com\">H3714@accor.com<\/a><\/li>\n<li>Hit Hotel, <a href=\"https:\/\/www.google.com\/maps\/place\/data=!4m2!3m1!1s0x471ecc46df2d239f:0xd9cb13105382ccc7?sa=X&amp;ved=1t:8290&amp;ictx=111\">Ksi\u0119dza Ignacego K\u0142opotowskiego 33, 03-720 Warszawa<\/a>, biuro@hithotel.pl<\/li>\n<\/ol>\n<p>&nbsp;<\/p>\n<p>Zaproszenie ofertowe wywieszone w siedzibie zdj\u0119to w dniu 18 kwietnia 2025 r.<\/p>\n<p>Termin sk\u0142adania ofert wyznaczono na dzie\u0144 9 kwietnia 2025 r. do godziny 16:00.<\/p>\n<p>W przypadku ofert sk\u0142adanych drog\u0105 pocztow\u0105 decydowa\u0142a data stempla pocztowego.<\/p>\n<p>&nbsp;<\/p>\n<p>W wyznaczonym terminie do Fundacji Zwi\u0105zku Kultury Fizycznej \u201eOlimp\u201d z\u0142o\u017cone zosta\u0142y 2 oferty:<\/p>\n<p><strong>Oferta numer 1<\/strong><\/p>\n<p>W dniu 31 marca 2025 r. (osobi\u015bcie), wp\u0142yn\u0119\u0142a oferta przygotowana przez<\/p>\n<p>HOTEL GROMAN sp. z o. o., sp. komandytowa, Al. Krakowska 76 05-090 Raszyn, S\u0119kocin Stary.<\/p>\n<p>Zaproponowany przez Wykonawc\u0119 \u0142\u0105czny koszt us\u0142ugi zakwaterowania i wy\u017cywienia uczestnik\u00f3w: 302.400 z\u0142 i \u0142\u0105czny koszt us\u0142ugi wynajmu sal: 115.200 z\u0142.<\/p>\n<p>Razem: 417.600 z\u0142.<\/p>\n<p>Oferta by\u0142a poprawna pod wzgl\u0119dem formalnym i kompletna.<\/p>\n<p>&nbsp;<\/p>\n<p><strong>Oferta numer 2<\/strong><\/p>\n<p>W dniu 9 kwietnia 2025 r. (osobi\u015bcie), wp\u0142yn\u0119\u0142a oferta przygotowana przez HIT HORS Sylwia Zarzycka \u2013 Cybulska, <a href=\"https:\/\/www.google.com\/maps\/place\/data=!4m2!3m1!1s0x471ecc46df2d239f:0xd9cb13105382ccc7?sa=X&amp;ved=1t:8290&amp;ictx=111\">Ks. I. K\u0142opotowskiego 33, 03-720 Warszawa<\/a>.<\/p>\n<p>Zaproponowany przez Wykonawc\u0119 \u0142\u0105czny koszt us\u0142ugi zakwaterowania i wy\u017cywienia uczestnik\u00f3w: 414.540 z\u0142 i \u0142\u0105czny koszt us\u0142ugi wynajmu sal: 130.500 z\u0142.<\/p>\n<p>Razem: 545.040 z\u0142.<\/p>\n<p>Oferta by\u0142a poprawna pod wzgl\u0119dem formalnym i kompletna.<\/p>\n<p>&nbsp;<\/p>\n<p>Kryteria oceny ofert:<\/p>\n<p>Zamawiaj\u0105cy dokona oceny wa\u017cnych ofert na podstawie nast\u0119puj\u0105cych kryteri\u00f3w:<\/p>\n<p>1)\u00a0\u00a0\u00a0 cena brutto og\u00f3\u0142em (ca\u0142kowity koszt) \u2013 70%<\/p>\n<p>Oferta z najni\u017csz\u0105 cen\u0105 uzyska 70 pkt. w tej cz\u0119\u015bci oceny. Pozosta\u0142e oferty zostan\u0105 ocenione wed\u0142ug nast\u0119puj\u0105cego wzoru:<\/p>\n<p>An = (a min\/ a n) * 70 pkt, gdzie:<\/p>\n<p>a min \u2013 cena minimalna w\u015br\u00f3d z\u0142o\u017conych ofert<\/p>\n<p>a n \u2013 cena zaproponowana przez oferenta n<\/p>\n<p>2)\u00a0\u00a0\u00a0 standard i wyposa\u017cenie pomieszcze\u0144 szkoleniowych \u2013 10 %<\/p>\n<p>Oferta z najwy\u017cszym standardem sal otrzyma 10 pkt. w tej cz\u0119\u015bci oceny.<\/p>\n<p>3)\u00a0\u00a0\u00a0 warunki pobytu (standard wyposa\u017cenia pokoi i \u0142azienek) \u201320 %<\/p>\n<p>Oferta z najwy\u017cszym standardem pokoi otrzyma 20 pkt. w tej cz\u0119\u015bci oceny.<\/p>\n<p>4) W przypadku udokumentowania przez Oferenta do\u015bwiadczenia w realizacji us\u0142ugi wy\u017cywienia i zakwaterowania na rzecz os\u00f3b z niepe\u0142nosprawno\u015bci\u0105 wzroku (grupa co najmniej 10 os\u00f3b z niepe\u0142nosprawno\u015bci\u0105) w okresie ostatnich 3 lat, uzyska on dodatkowe 10 punkt\u00f3w. Do\u015bwiadczenie musi by\u0107 udokumentowane w postaci pisemnej rekomendacji wystawionej dla Oferenta przez korzystaj\u0105cego z us\u0142ugi (firm\u0119, instytucj\u0119, organizacj\u0119 pozarz\u0105dow\u0105 itp.).<\/p>\n<p>5) W przypadku zaoferowania przez Oferenta dodatkowych \u015bwiadcze\u0144 w cenie us\u0142ugi mo\u017ce on otrzyma\u0107 dodatkowe punkty (nie wi\u0119cej ni\u017c 10 punkt\u00f3w).<\/p>\n<p>&nbsp;<\/p>\n<p>W sumie Wykonawca mo\u017ce uzyska\u0107 maksymalnie 120 pkt. Warto\u015b\u0107 punktow\u0105 podaje si\u0119 w zaokr\u0105gleniu do dw\u00f3ch miejsc po przecinku.<\/p>\n<p>&nbsp;<\/p>\n<p>Ocena z\u0142o\u017conych ofert:<\/p>\n<table width=\"606\">\n<tbody>\n<tr>\n<td width=\"30\"><strong>LP<\/strong><\/td>\n<td width=\"115\"><strong>OFERENT<\/strong><\/td>\n<td width=\"115\"><strong>CENA BRUTTO OG\u00d3\u0141EM (CA\u0141KOWITY KOSZT)<\/strong><\/td>\n<td width=\"52\"><strong>KRYT. 1<\/strong><\/p>\n<p><strong>(70 pkt)<\/strong><\/td>\n<td width=\"57\"><strong>KRYT. 2<\/strong><\/p>\n<p><strong>(10 pkt)<\/strong><\/td>\n<td width=\"57\"><strong>KRYT. \u00a03<\/strong><\/p>\n<p><strong>(20 pkt)<\/strong><\/td>\n<td width=\"57\"><strong>KRYT. 4<\/strong><\/p>\n<p><strong>(10 pkt)<\/strong><\/td>\n<td width=\"57\"><strong>KRYT. 5<\/strong><\/p>\n<p><strong>(10 pkt)<\/strong><\/td>\n<td width=\"67\"><strong>\u0141\u0104CZNA LICZBA LUNKT\u00d3W<\/strong><\/td>\n<\/tr>\n<tr>\n<td width=\"30\">1<\/td>\n<td width=\"115\">HOTEL GROMAN sp. z o. o., sp. komandytowa, Al. Krakowska 76 05-090 Raszyn, S\u0119kocin Stary<\/td>\n<td width=\"115\">\u00a0417.600 z\u0142<\/td>\n<td width=\"52\">70,00<\/td>\n<td width=\"57\">10<\/td>\n<td width=\"57\">20<\/td>\n<td width=\"57\">10<\/td>\n<td width=\"57\">10,00<\/td>\n<td width=\"67\">120,00<\/td>\n<\/tr>\n<tr>\n<td width=\"30\">2<\/td>\n<td width=\"115\">HIT HORS Sylwia Zarzycka \u2013 Cybulska, <a href=\"https:\/\/www.google.com\/maps\/place\/data=!4m2!3m1!1s0x471ecc46df2d239f:0xd9cb13105382ccc7?sa=X&amp;ved=1t:8290&amp;ictx=111\">Ks. I. K\u0142opotowskiego 33, 03-720 Warszawa<\/a><\/td>\n<td width=\"115\">545.040 z\u0142<\/td>\n<td width=\"52\">53,63<\/td>\n<td width=\"57\">5<\/td>\n<td width=\"57\">17<\/td>\n<td width=\"57\">0<\/td>\n<td width=\"57\">3,00<\/td>\n<td width=\"67\">78,63<\/td>\n<\/tr>\n<\/tbody>\n<\/table>\n<p><strong>\u00a0<\/strong><\/p>\n<p>Wybrany wykonawca:<\/p>\n<p>Na podstawie kryteri\u00f3w oceny formalnej i merytorycznej za najkorzystniejsz\u0105 uznana zosta\u0142a oferta z\u0142o\u017cona przez HOTEL GROMAN sp. z o. o., sp. komandytowa, Al. Krakowska 76 05-090 Raszyn, S\u0119kocin Stary.<\/p>\n","protected":false},"excerpt":{"rendered":"<p>INFORMACJA O WYBORZE WYKONAWCY WED\u0141UG ZASADY KONKURENCYJNO\u015aCI DLA POST\u0118POWANIA NUMER 1\/2025 NA: Us\u0142ug\u0119 zakwaterowania i wy\u017cywienia grupy 30 os\u00f3b podczas sze\u015bciu zjazd\u00f3w szkoleniowych (ka\u017cdy po 7 d\u00f3b hotelowych) oraz wynajem pomieszcze\u0144 do przeprowadzenia zaj\u0119\u0107 z zakresu obs\u0142ugi smartfonu dla os\u00f3b s\u0142abowidz\u0105cych i niewidomych organizowanego w ramach projektu \u201eSmartStart: Cyfrowa Niezale\u017cno\u015b\u0107\u201d, wsp\u00f3\u0142finansowanego ze \u015brodk\u00f3w Pa\u0144stwowego Funduszu [&hellip;]<\/p>\n","protected":false},"author":1,"featured_media":0,"parent":0,"menu_order":0,"comment_status":"closed","ping_status":"closed","template":"","meta":{"_kadence_starter_templates_imported_post":false,"footnotes":""},"class_list":["post-325","page","type-page","status-publish","hentry"],"_links":{"self":[{"href":"http:\/\/www.fundacjaolimp.pl\/index.php\/wp-json\/wp\/v2\/pages\/325","targetHints":{"allow":["GET"]}}],"collection":[{"href":"http:\/\/www.fundacjaolimp.pl\/index.php\/wp-json\/wp\/v2\/pages"}],"about":[{"href":"http:\/\/www.fundacjaolimp.pl\/index.php\/wp-json\/wp\/v2\/types\/page"}],"author":[{"embeddable":true,"href":"http:\/\/www.fundacjaolimp.pl\/index.php\/wp-json\/wp\/v2\/users\/1"}],"replies":[{"embeddable":true,"href":"http:\/\/www.fundacjaolimp.pl\/index.php\/wp-json\/wp\/v2\/comments?post=325"}],"version-history":[{"count":1,"href":"http:\/\/www.fundacjaolimp.pl\/index.php\/wp-json\/wp\/v2\/pages\/325\/revisions"}],"predecessor-version":[{"id":326,"href":"http:\/\/www.fundacjaolimp.pl\/index.php\/wp-json\/wp\/v2\/pages\/325\/revisions\/326"}],"wp:attachment":[{"href":"http:\/\/www.fundacjaolimp.pl\/index.php\/wp-json\/wp\/v2\/media?parent=325"}],"curies":[{"name":"wp","href":"https:\/\/api.w.org\/{rel}","templated":true}]}}