{"id":31,"date":"2024-05-29T11:51:24","date_gmt":"2024-05-29T11:51:24","guid":{"rendered":"http:\/\/www.fundacjaolimp.pl\/?page_id=31"},"modified":"2026-03-05T13:16:50","modified_gmt":"2026-03-05T13:16:50","slug":"zapytania-ofertowe","status":"publish","type":"page","link":"http:\/\/www.fundacjaolimp.pl\/index.php\/zapytania-ofertowe\/","title":{"rendered":"Zapytania ofertowe"},"content":{"rendered":"<p style=\"text-align: center;\"><strong>Zapytania ofertowe<\/strong><\/p>\n<p><a href=\"http:\/\/www.fundacjaolimp.pl\/index.php\/informacja-o-wyborze-wykonawcy-wedlug-zasady-konkurencyjnosci-dla-postepowania-numer-4-2026-na\/\">INFORMACJA O WYBORZE WYKONAWCY DLA POST\u0118POWANIA NUMER 4\/2026<\/a><\/p>\n<p><a href=\"http:\/\/www.fundacjaolimp.pl\/index.php\/informacja-o-wyborze-wykonawcy-wedlug-zasady-konkurencyjnosci-dla-postepowania-numer-3-2026-na\/\">INFORMACJA O WYBORZE WYKONAWCY DLA POST\u0118POWANIA NUMER 3\/2026<\/a><\/p>\n<p><a href=\"http:\/\/www.fundacjaolimp.pl\/index.php\/informacja-o-wyborze-wykonawcy-wedlug-zasady-konkurencyjnosci-dla-postepowania-numer-2-2026-na\/\">INFORMACJA O WYBORZE WYKONAWCY DLA POST\u0118POWANIA NUMER 2\/2026<\/a><\/p>\n<p><a href=\"http:\/\/www.fundacjaolimp.pl\/index.php\/informacja-o-wyborze-wykonawcy-wedlug-zasady-konkurencyjnosci-dla-postepowania-numer-1-2026-na\/\">INFORMACJA O WYBORZE WYKONAWCY DLA POST\u0118POWANIA NUMER 1\/2026<\/a><\/p>\n<p><a href=\"http:\/\/www.fundacjaolimp.pl\/index.php\/zapytanie-ofertowe-numer-4-2026-z-17-lutego-2026-r\/\">Zapytanie ofertowe numer 4\/2026 z 17 lutego 2026 r.<\/a><\/p>\n<p><a href=\"http:\/\/www.fundacjaolimp.pl\/index.php\/zapytanie-ofertowe-numer-3-2026-z-17-lutego-2026-r\/\">Zapytanie ofertowe numer 3\/2026 z 17 lutego 2026 r.<\/a><\/p>\n<p><a href=\"http:\/\/www.fundacjaolimp.pl\/index.php\/zapytanie-ofertowe-numer-2-2026-z-17-lutego-2026-r\/\">Zapytanie ofertowe numer 2\/2026 z 17 lutego 2026 r.<\/a><\/p>\n<p><a href=\"http:\/\/www.fundacjaolimp.pl\/index.php\/zapytanie-ofertowe-numer-1-2026-z-17-lutego-2026-r\/\">Zapytanie ofertowe numer 1\/2026 z 17 lutego 2026 r.<\/a><\/p>\n<p><a href=\"http:\/\/www.fundacjaolimp.pl\/index.php\/zapytanie-ofertowe-nr-6-2025-z-dnia-31-pazdziernika-2025-r\/\">ZAPYTANIE OFERTOWE nr 6\/2025 z dnia 31 pa\u017adziernika 2025 r.<\/a><\/p>\n<p><a href=\"http:\/\/www.fundacjaolimp.pl\/index.php\/zapytanie-ofertowe-nr-5-2025-z-dnia-31-pazdziernika-2025-r\/\">ZAPYTANIE OFERTOWE nr 5\/2025 z dnia 31 pa\u017adziernika 2025 r.<\/a><\/p>\n<p><a href=\"http:\/\/www.fundacjaolimp.pl\/index.php\/informacja-o-wyborze-wykonawcy-dla-postepowania-numer-4-2025\/\"><strong>INFORMACJA O WYBORZE WYKONAWCY DLA POST\u0118POWANIA NUMER 4\/2025<\/strong><\/a><\/p>\n<p><a href=\"http:\/\/www.fundacjaolimp.pl\/index.php\/informacja-o-wyborze-wykonawcy-dla-postepowania-numer-3-2025\/\"><strong>INFORMACJA O WYBORZE WYKONAWCY DLA POST\u0118POWANIA NUMER 3\/2025<\/strong><\/a><\/p>\n<p><a href=\"http:\/\/www.fundacjaolimp.pl\/index.php\/informacja-o-wyborze-wykonawcy-dla-postepowania-numer-2-2025\/\"><strong>INFORMACJA O WYBORZE WYKONAWCY DLA POST\u0118POWANIA NUMER 2\/2025<\/strong><\/a><\/p>\n<p><a href=\"http:\/\/www.fundacjaolimp.pl\/index.php\/informacja-o-wyborze-wykonawcy-dla-postepowania-numer-1-2025\/\"><strong>INFORMACJA O WYBORZE WYKONAWCY DLA POST\u0118POWANIA NUMER 1\/2025<\/strong><\/a><\/p>\n<p style=\"margin: 0cm; text-align: left;\" align=\"center\"><a href=\"http:\/\/www.fundacjaolimp.pl\/index.php\/zapytanie-ofertowe-nr-1-2025-z-dnia-28-marca-2025-r\/\">ZAPYTANIE OFERTOWE nr 1\/2025 z dnia 28 marca 2025 r.<\/a><\/p>\n<p style=\"margin: 0cm; text-align: left;\" align=\"center\"><a href=\"http:\/\/www.fundacjaolimp.pl\/index.php\/zapytanie-ofertowe-nr-2-2025-z-dnia-28-marca-2025-r\/\">ZAPYTANIE OFERTOWE nr 2\/2025 z dnia 28 marca 2025 r.<\/a><\/p>\n<p style=\"margin: 0cm; text-align: left;\" align=\"center\"><a href=\"http:\/\/www.fundacjaolimp.pl\/index.php\/zapytanie-ofertowe-nr-3-2025-z-dnia-28-marca-2025-r\/\">ZAPYTANIE OFERTOWE nr 3\/2025 z dnia 28 marca 2025 r.<\/a><\/p>\n<p style=\"margin: 0cm; text-align: left;\" align=\"center\"><a href=\"http:\/\/www.fundacjaolimp.pl\/index.php\/zapytanie-ofertowe-nr-4-2025-z-dnia-28-marca-2025-r\/\">ZAPYTANIE OFERTOWE nr 4\/2025 z dnia 28 marca 2025 r.<\/a><\/p>\n<p><a href=\"http:\/\/www.fundacjaolimp.pl\/index.php\/zapytanie-ofertowe-nr-1-gms-2024-z-dnia-17-grudnia-2024-r\/\">ZAPYTANIE OFERTOWE nr 1\/GMS\/2024 z dnia 17 grudnia 2024 r.<\/a><\/p>\n<p><a href=\"http:\/\/www.fundacjaolimp.pl\/index.php\/zapytania-ofertowe\/zapytanie-ofertowe-nr-2-pk-2024-z-dnia-17-grudnia-2024-r\/\">ZAPYTANIE OFERTOWE nr 2\/PK\/2024 z dnia 17 grudnia 2024 r.<\/a><\/p>\n<p><a href=\"http:\/\/www.fundacjaolimp.pl\/index.php\/zapytania-ofertowe\/zapytanie-ofertowe-nr-1-zjazdy-pk-2024-z-dnia-2-lipca-2024-r\/\">ZAPYTANIE OFERTOWE nr 1\/ZJAZDY\/PK\/2024 z dnia 2 lipca 2024 r.<\/a><\/p>\n<p><a href=\"http:\/\/www.fundacjaolimp.pl\/index.php\/zapytania-ofertowe\/zapytanie-ofertowe-nr-1-pd-2024-z-dnia-21-maja-2024-r\/\">ZAPYTANIE OFERTOWE nr 1\/PD\/2024 z dnia 21 maja 2024 r.<\/a><\/p>\n<p><a href=\"http:\/\/www.fundacjaolimp.pl\/index.php\/zapytania-ofertowe\/zapytanie-ofertowe-nr-2-pd-2024-z-dnia-24-maja-2024-r\/\">ZAPYTANIE OFERTOWE nr 2\/PD\/2024 z dnia 24 maja 2024 r.<\/a><\/p>\n<p><a href=\"http:\/\/www.fundacjaolimp.pl\/index.php\/zapytania-ofertowe\/zapytanie-ofertowe-nr-1-pk-2024-z-dnia-2-lipca-2024-r\/\">ZAPYTANIE OFERTOWE nr 1\/PK\/2024 z dnia 2 lipca 2024 r.<\/a><\/p>\n<p style=\"text-align: center;\"><strong>Rozstrzygni\u0119cia ofertowe<\/strong><\/p>\n<p><a href=\"https:\/\/www.fundacjaolimp.pl\/index.php\/informacja-o-wyborze-wykonawcy-wedlug-zasady-konkurencyjnosci-dla-postepowania-numer-1-pk-2024\/\">INFORMACJA O WYBORZE WYKONAWCY WED\u0141UG ZASADY KONKURENCYJNO\u015aCI DLA POST\u0118POWANIA NUMER 1\/PK\/2024<\/a><\/p>\n<p><a href=\"http:\/\/www.fundacjaolimp.pl\/index.php\/informacja-o-wyborze-wykonawcy-wedlug-zasady-konkurencyjnosci-dla-postepowania-numer-1-zjazdy-pk-2024\/\">INFORMACJA O WYBORZE WYKONAWCY WED\u0141UG ZASADY KONKURENCYJNO\u015aCI DLA POST\u0118POWANIA NUMER 1\/ZJAZDY\/PK\/2024<\/a><\/p>\n<p><a href=\"http:\/\/www.fundacjaolimp.pl\/index.php\/zapytania-ofertowe\/roztrzygniecie-2-pd-2024\/\">INFORMACJA O WYBORZE WYKONAWCY WED\u0141UG ZASADY KONKURENCYJNO\u015aCI DLA POST\u0118POWANIA NUMER 2\/PD\/2024<\/a><\/p>\n<p><a href=\"http:\/\/www.fundacjaolimp.pl\/index.php\/zapytania-ofertowe\/roztrzygniecie-1-pd-2024\/\">INFORMACJA O WYBORZE WYKONAWCY WED\u0141UG ZASADY KONKURENCYJNO\u015aCI DLA POST\u0118POWANIA NUMER 1\/PD\/2024<\/a><\/p>\n<p><a href=\"http:\/\/www.fundacjaolimp.pl\/index.php\/informacja-o-wyborze-wykonawcy-wedlug-zasady-konkurencyjnosci-dla-postepowania-numer-1-gms-2024\/\">INFORMACJA O WYBORZE WYKONAWCY WED\u0141UG ZASADY KONKURENCYJNO\u015aCI DLA POST\u0118POWANIA NUMER 1\/GMS\/2024<\/a><\/p>\n","protected":false},"excerpt":{"rendered":"<p>Zapytania ofertowe INFORMACJA O WYBORZE WYKONAWCY DLA POST\u0118POWANIA NUMER 4\/2026 INFORMACJA O WYBORZE WYKONAWCY DLA POST\u0118POWANIA NUMER 3\/2026 INFORMACJA O WYBORZE WYKONAWCY DLA POST\u0118POWANIA NUMER 2\/2026 INFORMACJA O WYBORZE WYKONAWCY DLA POST\u0118POWANIA NUMER 1\/2026 Zapytanie ofertowe numer 4\/2026 z 17 lutego 2026 r. Zapytanie ofertowe numer 3\/2026 z 17 lutego 2026 r. Zapytanie ofertowe numer [&hellip;]<\/p>\n","protected":false},"author":1,"featured_media":0,"parent":0,"menu_order":0,"comment_status":"closed","ping_status":"closed","template":"","meta":{"_kadence_starter_templates_imported_post":false,"footnotes":""},"class_list":["post-31","page","type-page","status-publish","hentry"],"_links":{"self":[{"href":"http:\/\/www.fundacjaolimp.pl\/index.php\/wp-json\/wp\/v2\/pages\/31","targetHints":{"allow":["GET"]}}],"collection":[{"href":"http:\/\/www.fundacjaolimp.pl\/index.php\/wp-json\/wp\/v2\/pages"}],"about":[{"href":"http:\/\/www.fundacjaolimp.pl\/index.php\/wp-json\/wp\/v2\/types\/page"}],"author":[{"embeddable":true,"href":"http:\/\/www.fundacjaolimp.pl\/index.php\/wp-json\/wp\/v2\/users\/1"}],"replies":[{"embeddable":true,"href":"http:\/\/www.fundacjaolimp.pl\/index.php\/wp-json\/wp\/v2\/comments?post=31"}],"version-history":[{"count":24,"href":"http:\/\/www.fundacjaolimp.pl\/index.php\/wp-json\/wp\/v2\/pages\/31\/revisions"}],"predecessor-version":[{"id":434,"href":"http:\/\/www.fundacjaolimp.pl\/index.php\/wp-json\/wp\/v2\/pages\/31\/revisions\/434"}],"wp:attachment":[{"href":"http:\/\/www.fundacjaolimp.pl\/index.php\/wp-json\/wp\/v2\/media?parent=31"}],"curies":[{"name":"wp","href":"https:\/\/api.w.org\/{rel}","templated":true}]}}