{"id":290,"date":"2025-01-14T09:32:48","date_gmt":"2025-01-14T09:32:48","guid":{"rendered":"http:\/\/www.fundacjaolimp.pl\/?page_id=290"},"modified":"2025-01-14T09:32:55","modified_gmt":"2025-01-14T09:32:55","slug":"informacja-o-wyborze-wykonawcy-wedlug-zasady-konkurencyjnosci-dla-postepowania-numer-1-gms-2024","status":"publish","type":"page","link":"http:\/\/www.fundacjaolimp.pl\/index.php\/informacja-o-wyborze-wykonawcy-wedlug-zasady-konkurencyjnosci-dla-postepowania-numer-1-gms-2024\/","title":{"rendered":"INFORMACJA O WYBORZE WYKONAWCY WED\u0141UG ZASADY KONKURENCYJNO\u015aCI DLA POST\u0118POWANIA NUMER 1\/GMS\/2024"},"content":{"rendered":"<p><strong>INFORMACJA O WYBORZE WYKONAWCY WED\u0141UG ZASADY KONKURENCYJNO\u015aCI DLA POST\u0118POWANIA NUMER 1\/GMS\/2024 NA:<\/strong><\/p>\n<p>Us\u0142ug\u0119 zakwaterowania i wy\u017cywienia \u0142\u0105cznie 135 os\u00f3b przez okres 2 dni (2 doby hotelowe) podczas \u201eGali Mistrz\u00f3w Sportu Zwi\u0105zku Kultury Fizycznej \u201eOlimp&#8221;\u201d, organizowanej w ramach projektu wsp\u00f3\u0142finansowanego ze \u015brodk\u00f3w Pa\u0144stwowego Funduszu Rehabilitacji Os\u00f3b Niepe\u0142nosprawnych w ramach konkursu numer 1\/2023 pn. \u201eMo\u017cemy wi\u0119cej\u201d w ramach art. 36 ustawy o rehabilitacji zawodowej i spo\u0142ecznej oraz zatrudnianiu os\u00f3b niepe\u0142nosprawnych (kod CPV 55000000-0 Us\u0142ugi hotelarskie, restauracyjne i handlu detalicznego, 70220000-9 Us\u0142ugi wynajmu lub leasingu nieruchomo\u015bci innych ni\u017c mieszkalne).<\/p>\n<p>&nbsp;<\/p>\n<p>Przedmiot post\u0119powania:<\/p>\n<p>Przedmiot zam\u00f3wienia obejmuje:<\/p>\n<p>&#8211; zapewnienie zakwaterowania i wy\u017cywienia dla 135 os\u00f3b w pokojach 1 lub 2-osobowych z pe\u0142nym w\u0119z\u0142em sanitarnym, w jednym budynku murowanym;<\/p>\n<p>&#8211; us\u0142uga musi by\u0107 \u015bwiadczona w terminie: 29-31 stycznia 2024 r.<\/p>\n<p>&#8211; minimalne wyposa\u017cenie pokoju: 2 oddzielne \u0142\u00f3\u017cka, szafa ubraniowa, stolik, 2 krzes\u0142a, telewizor, bezp\u0142atny i nielimitowany dost\u0119p do Internetu;<\/p>\n<p>&#8211; zapewnienie pe\u0142nego wy\u017cywienia dla uczestnik\u00f3w \u2013 4 posi\u0142ki dziennie (\u015bniadanie, obiad, podwieczorek, kolacja),<\/p>\n<p>&#8211; o\u015brodek, w kt\u00f3rym zakwaterowana b\u0119dzie grupa, musi znajdowa\u0107 si\u0119 w granicach administracyjnych Warszawy lub w odleg\u0142o\u015bci maksymalnie 15 kilometr\u00f3w od granicy administracyjnej Warszawy; w przypadku, gdy o\u015brodek znajduje si\u0119 poza granic\u0105 administracyjn\u0105 Warszawy, odleg\u0142o\u015b\u0107 od o\u015brodka do przystanku autobusu lub tramwaju w ramach Warszawskiego Transportu Publicznego nie mo\u017ce przekracza\u0107 300 metr\u00f3w;<\/p>\n<p>&#8211; o\u015brodek, w kt\u00f3rym \u015bwiadczona b\u0119dzie us\u0142uga, musi posiada\u0107 minimum kategori\u0119 hotelu trzygwiazdkowego, ustalon\u0105 zgodnie z obowi\u0105zuj\u0105cymi w Polsce regulacjami w zakresie wyznaczania standard\u00f3w jako\u015bci w bran\u017cy hotelarskiej (Ustawa o us\u0142ugach turystycznych, rozporz\u0105dzenie\u00a0Ministra Gospodarki i Pracy w sprawie obiekt\u00f3w hotelarskich i innych obiekt\u00f3w, w kt\u00f3rych s\u0105 \u015bwiadczone\u00a0us\u0142ugi\u00a0hotelarskie);<\/p>\n<p>&#8211; o\u015brodek, w kt\u00f3rym \u015bwiadczona b\u0119dzie us\u0142uga, musi spe\u0142nia\u0107 standardy dost\u0119pno\u015bci dla os\u00f3b niepe\u0142nosprawnych zgodnie z obowi\u0105zuj\u0105cymi w Polsce przepisami prawa;<\/p>\n<p>&nbsp;<\/p>\n<p>Zaproszenie ofertowe wraz z 2 za\u0142\u0105cznikami wywieszono w dniu 17 grudnia 2024 r. w siedzibie Zamawiaj\u0105cego oraz na jego stronie internetowej (<a href=\"http:\/\/www.fundacjaolimp.pl\">www.fundacjaolimp.pl<\/a>).<\/p>\n<p>&nbsp;<\/p>\n<p>Zaproszenie ofertowe wywieszone w siedzibie zdj\u0119to w dniu 7 stycznia 2025 r.<\/p>\n<p>Termin sk\u0142adania ofert wyznaczono na dzie\u0144 7 stycznia 2025 r. do godziny 16:00.<\/p>\n<p>W przypadku ofert sk\u0142adanych drog\u0105 pocztow\u0105 decydowa\u0142a data stempla pocztowego.<\/p>\n<p>&nbsp;<\/p>\n<p>W wyznaczonym terminie do Fundacji Zwi\u0105zku Kultury Fizycznej \u201eOlimp\u201d z\u0142o\u017cona zosta\u0142a 1 oferta:<\/p>\n<p><strong>Oferta numer 1<\/strong><\/p>\n<p>W dniu 7 stycznia 2025 r. (osobi\u015bcie), wp\u0142yn\u0119\u0142a oferta przygotowana przez<\/p>\n<p>HOTEL GROMAN sp. z o. o., sp. komandytowa, Al. Krakowska 76 05-090 Raszyn, S\u0119kocin Stary.<\/p>\n<p>Zaproponowany przez Wykonawc\u0119 \u0142\u0105czny koszt us\u0142ugi zakwaterowania i wy\u017cywienia uczestnik\u00f3w: 59.400 z\u0142<\/p>\n<p>Oferta by\u0142a poprawna pod wzgl\u0119dem formalnym i kompletna.<\/p>\n<p><strong>\u00a0<\/strong><\/p>\n<p>Kryteria oceny ofert:<\/p>\n<p>Zamawiaj\u0105cy dokona oceny wa\u017cnych ofert na podstawie nast\u0119puj\u0105cych kryteri\u00f3w:<\/p>\n<ol>\n<li>A)\u00a0\u00a0\u00a0 kryteria podstawowe:<\/li>\n<\/ol>\n<p>1)\u00a0\u00a0\u00a0 cena brutto og\u00f3\u0142em (ca\u0142kowity koszt) \u2013 80%<\/p>\n<p>Oferta z najni\u017csz\u0105 cen\u0105 uzyska 80 pkt. w tej cz\u0119\u015bci oceny. Pozosta\u0142e oferty zostan\u0105 ocenione wed\u0142ug nast\u0119puj\u0105cego wzoru:<\/p>\n<p>An = (a min\/ a n) * 80 pkt, gdzie:<\/p>\n<p>a min \u2013 cena minimalna w\u015br\u00f3d z\u0142o\u017conych ofert<\/p>\n<p>a n \u2013 cena zaproponowana przez oferenta n<\/p>\n<p>2)\u00a0\u00a0\u00a0 warunki pobytu (ze wskazaniem ilo\u015bci pokoi: 1-osobowych i 2-osobowych, z pe\u0142nym w\u0119z\u0142em sanitarnym, standard wyposa\u017cenia pokoi) \u201320 %<\/p>\n<p>Oferta z najwy\u017cszym standardem pokoi otrzyma 20 pkt. w tej cz\u0119\u015bci oceny.<\/p>\n<p>&nbsp;<\/p>\n<p>W sumie Wykonawca mo\u017ce uzyska\u0107 maksymalnie 100 pkt. Warto\u015b\u0107 punktow\u0105 podaje si\u0119 w zaokr\u0105gleniu do dw\u00f3ch miejsc po przecinku.<\/p>\n<p>&nbsp;<\/p>\n<p>Ocena z\u0142o\u017conych ofert:<\/p>\n<table width=\"602\">\n<tbody>\n<tr>\n<td width=\"30\"><strong>LP<\/strong><\/td>\n<td width=\"282\"><strong>OFERENT<\/strong><\/td>\n<td width=\"115\"><strong>CENA BRUTTO OG\u00d3\u0141EM (CA\u0141KOWITY KOSZT)<\/strong><\/td>\n<td width=\"52\"><strong>KRYT. 1<\/strong><\/p>\n<p><strong>(80 pkt)<\/strong><\/td>\n<td width=\"57\"><strong>KRYT. 2<\/strong><\/p>\n<p><strong>(20 pkt)<\/strong><\/td>\n<td width=\"67\"><strong>\u0141\u0104CZNA LICZBA LUNKT\u00d3W<\/strong><\/td>\n<\/tr>\n<tr>\n<td width=\"30\">1<\/td>\n<td width=\"282\">HOTEL GROMAN sp. z o. o., sp. komandytowa, Al. Krakowska 76 05-090 Raszyn, S\u0119kocin Stary<\/td>\n<td width=\"115\">59.400 z\u0142<\/td>\n<td width=\"52\">80,00<\/td>\n<td width=\"57\">20,00<\/td>\n<td width=\"67\">100,00<\/td>\n<\/tr>\n<\/tbody>\n<\/table>\n<p><strong>\u00a0<\/strong><\/p>\n<p>Wybrany wykonawca:<\/p>\n<p>Na podstawie kryteri\u00f3w oceny formalnej i merytorycznej za najkorzystniejsz\u0105 uznana zosta\u0142a oferta z\u0142o\u017cona przez HOTEL GROMAN sp. z o. o., sp. komandytowa, Al. Krakowska 76 05-090 Raszyn, S\u0119kocin Stary.<\/p>\n<p>&nbsp;<\/p>\n<p>10 stycznia 2025 r. wyniki post\u0119powania zosta\u0142y opublikowane na stronie internetowej (<a href=\"http:\/\/www.fundacjaolimp.pl\">www.fundacjaolimp.pl<\/a>), a oferent zosta\u0142 mailem poinformowany o wynikach post\u0119powania.<\/p>\n","protected":false},"excerpt":{"rendered":"<p>INFORMACJA O WYBORZE WYKONAWCY WED\u0141UG ZASADY KONKURENCYJNO\u015aCI DLA POST\u0118POWANIA NUMER 1\/GMS\/2024 NA: Us\u0142ug\u0119 zakwaterowania i wy\u017cywienia \u0142\u0105cznie 135 os\u00f3b przez okres 2 dni (2 doby hotelowe) podczas \u201eGali Mistrz\u00f3w Sportu Zwi\u0105zku Kultury Fizycznej \u201eOlimp&#8221;\u201d, organizowanej w ramach projektu wsp\u00f3\u0142finansowanego ze \u015brodk\u00f3w Pa\u0144stwowego Funduszu Rehabilitacji Os\u00f3b Niepe\u0142nosprawnych w ramach konkursu numer 1\/2023 pn. \u201eMo\u017cemy wi\u0119cej\u201d w [&hellip;]<\/p>\n","protected":false},"author":1,"featured_media":0,"parent":0,"menu_order":0,"comment_status":"closed","ping_status":"closed","template":"","meta":{"_kadence_starter_templates_imported_post":false,"footnotes":""},"class_list":["post-290","page","type-page","status-publish","hentry"],"_links":{"self":[{"href":"http:\/\/www.fundacjaolimp.pl\/index.php\/wp-json\/wp\/v2\/pages\/290","targetHints":{"allow":["GET"]}}],"collection":[{"href":"http:\/\/www.fundacjaolimp.pl\/index.php\/wp-json\/wp\/v2\/pages"}],"about":[{"href":"http:\/\/www.fundacjaolimp.pl\/index.php\/wp-json\/wp\/v2\/types\/page"}],"author":[{"embeddable":true,"href":"http:\/\/www.fundacjaolimp.pl\/index.php\/wp-json\/wp\/v2\/users\/1"}],"replies":[{"embeddable":true,"href":"http:\/\/www.fundacjaolimp.pl\/index.php\/wp-json\/wp\/v2\/comments?post=290"}],"version-history":[{"count":1,"href":"http:\/\/www.fundacjaolimp.pl\/index.php\/wp-json\/wp\/v2\/pages\/290\/revisions"}],"predecessor-version":[{"id":291,"href":"http:\/\/www.fundacjaolimp.pl\/index.php\/wp-json\/wp\/v2\/pages\/290\/revisions\/291"}],"wp:attachment":[{"href":"http:\/\/www.fundacjaolimp.pl\/index.php\/wp-json\/wp\/v2\/media?parent=290"}],"curies":[{"name":"wp","href":"https:\/\/api.w.org\/{rel}","templated":true}]}}