{"id":283,"date":"2024-12-20T09:25:16","date_gmt":"2024-12-20T09:25:16","guid":{"rendered":"http:\/\/www.fundacjaolimp.pl\/?page_id=283"},"modified":"2024-12-20T09:25:16","modified_gmt":"2024-12-20T09:25:16","slug":"informacja-o-wyborze-wykonawcy-wedlug-zasady-konkurencyjnosci-dla-postepowania-numer-1-zjazdy-pk-2024","status":"publish","type":"page","link":"http:\/\/www.fundacjaolimp.pl\/index.php\/informacja-o-wyborze-wykonawcy-wedlug-zasady-konkurencyjnosci-dla-postepowania-numer-1-zjazdy-pk-2024\/","title":{"rendered":"INFORMACJA O WYBORZE WYKONAWCY WED\u0141UG ZASADY KONKURENCYJNO\u015aCI DLA POST\u0118POWANIA NUMER 1\/ZJAZDY\/PK\/2024"},"content":{"rendered":"<p>INFORMACJA O WYBORZE WYKONAWCY WED\u0141UG ZASADY KONKURENCYJNO\u015aCI DLA POST\u0118POWANIA NUMER 1\/ZJAZDY\/PK\/2024<\/p>\n<p>Na us\u0142ug\u0119 zakwaterowania i wy\u017cywienia 40 os\u00f3b przez okres 4 dni (4 doby hotelowe) podczas trzech zjazd\u00f3w szkoleniowych z zakresu sportu dla os\u00f3b niewidomych i s\u0142abowidz\u0105cych, organizowanych w ramach projektu pn. <em>\u201ePierwszy krok\u201d <\/em>wsp\u00f3\u0142finansowanego ze \u015brodk\u00f3w Pa\u0144stwowego Funduszu Rehabilitacji Os\u00f3b Niepe\u0142nosprawnych w ramach konkursu numer 1\/2023 pn. \u201eMo\u017cemy wi\u0119cej\u201d w ramach art. 36 ustawy o rehabilitacji zawodowej i spo\u0142ecznej oraz zatrudnianiu os\u00f3b niepe\u0142nosprawnych (kod CPV 55000000-0 Us\u0142ugi hotelarskie, restauracyjne i handlu detalicznego, 70220000-9 Us\u0142ugi wynajmu lub leasingu nieruchomo\u015bci innych ni\u017c mieszkalne).<\/p>\n<p>&nbsp;<\/p>\n<p>Przedmiot post\u0119powania:<\/p>\n<p>Przedmiotem zam\u00f3wienia jest organizacja pobytu grupy obejmuj\u0105ca us\u0142ug\u0119 zakwaterowania i wy\u017cywienia 40 os\u00f3b przez okres 4 dni (4 doby hotelowe) podczas trzech zjazd\u00f3w szkoleniowych z zakresu sportu dla os\u00f3b niewidomych i s\u0142abowidz\u0105cych, organizowanych w ramach projektu pn. <em>\u201ePierwszy krok\u201d <\/em>wsp\u00f3\u0142finansowanego ze \u015brodk\u00f3w Pa\u0144stwowego Funduszu Rehabilitacji Os\u00f3b Niepe\u0142nosprawnych w ramach konkursu numer 1\/2023 pn. \u201eMo\u017cemy wi\u0119cej\u201d w ramach art. 36 ustawy o rehabilitacji zawodowej i spo\u0142ecznej oraz zatrudnianiu os\u00f3b niepe\u0142nosprawnych (kod CPV 55000000-0 Us\u0142ugi hotelarskie, restauracyjne i handlu detalicznego, 70220000-9 Us\u0142ugi wynajmu lub leasingu nieruchomo\u015bci innych ni\u017c mieszkalne).<\/p>\n<p>&nbsp;<\/p>\n<p>Przedmiot zam\u00f3wienia obejmuje:<\/p>\n<p>&#8211; zapewnienie zakwaterowania dla 40 os\u00f3b (w tym: 25 os\u00f3b niewidomych i s\u0142abowidz\u0105cych oraz 15 os\u00f3b kadry) w pokojach: wieloosobowych (maksymalnie 3-osobowych) z pe\u0142nym w\u0119z\u0142em sanitarnym i pokojach 1 lub 2-osobowych z pe\u0142nym w\u0119z\u0142em sanitarnym dla kadry, w jednym budynku murowanym;<\/p>\n<p>&#8211; zapewnienie pe\u0142nego wy\u017cywienia dla 40 os\u00f3b (po 3 posi\u0142ki dziennie: \u015bniadanie, obiad, kolacja; minimum 2 tys. kcal dziennie) od kolacji w dniu rozpocz\u0119cia \u015bwiadczenia us\u0142ugi do obiadu w dniu zako\u0144czenia \u015bwiadczenia us\u0142ugi podczas ka\u017cdego z 3 szkole\u0144 sportowych;<\/p>\n<p>&#8211; minimalne wyposa\u017cenie pokoju: \u0142\u00f3\u017cka, szafa ubraniowa, stolik, krzes\u0142a,<\/p>\n<p>&#8211; zapewnienie uczestnikom opieki piel\u0119gniarskiej i medycznej oraz izolatki.<\/p>\n<p>&nbsp;<\/p>\n<p>Us\u0142uga musi by\u0107 \u015bwiadczona w nast\u0119puj\u0105cych terminach i miejscach:<\/p>\n<ol>\n<li>Zjazd numer 1: 25-29.09.2024, Laski (wojew\u00f3dztwo mazowieckie);<\/li>\n<li>Zjazd numer 2: 11-15.12.2024, Ptaszkowa (wojew\u00f3dztwo ma\u0142opolskie);<\/li>\n<li>Zjazd numer 3: 12-16.03.2025, Ptaszkowa (wojew\u00f3dztwo ma\u0142opolskie).<\/li>\n<\/ol>\n<p>&nbsp;<\/p>\n<p>Zaproszenie ofertowe wraz z 2 za\u0142\u0105cznikami wywieszono w dniu 2 lipca 2024 r. w siedzibie<\/p>\n<p>&nbsp;<\/p>\n<p>Zamawiaj\u0105cego oraz na jego stronie internetowej (<a href=\"http:\/\/www.fundacjaolimp.pl\">www.fundacjaolimp.pl<\/a>).<\/p>\n<p>&nbsp;<\/p>\n<p>Zaproszenie wys\u0142ano w dniu 2 lipca 2024 r. mailem do 6 potencjalnych wykonawc\u00f3w us\u0142ugi.<\/p>\n<p>&nbsp;<\/p>\n<p>Zaproszenie ofertowe wywieszone w siedzibie zdj\u0119to w dniu 2 lipca 2024 r.<\/p>\n<p>Termin sk\u0142adania ofert wyznaczono na dzie\u0144 10 lipca 2024 r. do godziny 12:00.<\/p>\n<p>W przypadku ofert sk\u0142adanych drog\u0105 pocztow\u0105 decydowa\u0142a data stempla pocztowego.<\/p>\n<p>&nbsp;<\/p>\n<p>W wyznaczonym terminie do Fundacji Zwi\u0105zku Kultury Fizycznej \u201eOlimp\u201d nie zosta\u0142a z\u0142o\u017cona \u017cadna oferta.<\/p>\n<p><strong>\u00a0<\/strong><\/p>\n<p><strong>\u00a0<\/strong><\/p>\n<p>Kryteria oceny ofert:<\/p>\n<p>Zamawiaj\u0105cy dokona oceny wa\u017cnych ofert na podstawie nast\u0119puj\u0105cych kryteri\u00f3w:<\/p>\n<ol>\n<li>A)\u00a0\u00a0\u00a0 kryteria podstawowe:<\/li>\n<\/ol>\n<p>1)\u00a0\u00a0\u00a0 cena brutto og\u00f3\u0142em (ca\u0142kowity koszt) \u2013 80%<\/p>\n<p>Oferta z najni\u017csz\u0105 cen\u0105 uzyska 80 pkt. w tej cz\u0119\u015bci oceny. Pozosta\u0142e oferty zostan\u0105 ocenione wed\u0142ug nast\u0119puj\u0105cego wzoru:<\/p>\n<p>An = (a min\/ a n) * 80 pkt, gdzie:<\/p>\n<p>a min \u2013 cena minimalna w\u015br\u00f3d z\u0142o\u017conych ofert<\/p>\n<p>a n \u2013 cena zaproponowana przez oferenta n<\/p>\n<p>2)\u00a0\u00a0\u00a0 warunki pobytu (ze wskazaniem ilo\u015bci pokoi: wieloosobowych, 1-osobowych i 2-osobowych, z pe\u0142nym w\u0119z\u0142em sanitarnym, standard wyposa\u017cenia pokoi) \u201320 %<\/p>\n<p>Oferta z najwy\u017cszym standardem pokoi otrzyma 20 pkt. w tej cz\u0119\u015bci oceny.<\/p>\n<p>&nbsp;<\/p>\n<ol>\n<li>B)\u00a0\u00a0\u00a0 dodatkowe kryteria (za spe\u0142nienie ka\u017cdego z ni\u017cej wymienionych kryteri\u00f3w wykonawca otrzyma okre\u015blon\u0105 liczb\u0119 dodatkowych punkt\u00f3w):<\/li>\n<\/ol>\n<p>1)\u00a0\u00a0\u00a0 Posiadanie przez obiekt wpisu do rejestru o\u015brodk\u00f3w, w kt\u00f3rych mog\u0105 odbywa\u0107 si\u0119 turnusy rehabilitacyjne dla os\u00f3b z dysfunkcj\u0105 narz\u0105du wzroku \u2013 20 pkt.,<\/p>\n<p>2) Udost\u0119pnienie sprz\u0119tu sportowego, w tym specjalistycznego sprz\u0119tu sportowego dla os\u00f3b niewidomych i s\u0142abowidz\u0105cych, takich jak: rowery tandemowe, pi\u0142ki d\u017awi\u0119kowe itp. \u2013 20 pkt.,<\/p>\n<p>3)\u00a0\u00a0\u00a0 Dodatkowe us\u0142ugi w cenie pobytu (np. zakwaterowanie grupy w 1 budynku, bezp\u0142atny dost\u0119p do Internetu, nieodp\u0142atne wycieczki, ogniska, dyskoteki itp.)\u00a0 \u2013 10 pkt.<\/p>\n<p>&nbsp;<\/p>\n<p>W sumie Wykonawca mo\u017ce uzyska\u0107 maksymalnie 150 pkt. Warto\u015b\u0107 punktow\u0105 podaje si\u0119 w zaokr\u0105gleniu do dw\u00f3ch miejsc po przecinku.<\/p>\n<p><strong>\u00a0<\/strong><\/p>\n<p>Wybrany wykonawca:<\/p>\n<p>Ze wzgl\u0119du na fakt, \u017ce w odpowiedzi na z\u0142o\u017cone zapytanie Zamawiaj\u0105cy nie otrzyma\u0142 \u017cadnej oferty nie dokonano wyboru wykonawcy us\u0142ugi opisanej w przedmiocie postepowania.<\/p>\n","protected":false},"excerpt":{"rendered":"<p>INFORMACJA O WYBORZE WYKONAWCY WED\u0141UG ZASADY KONKURENCYJNO\u015aCI DLA POST\u0118POWANIA NUMER 1\/ZJAZDY\/PK\/2024 Na us\u0142ug\u0119 zakwaterowania i wy\u017cywienia 40 os\u00f3b przez okres 4 dni (4 doby hotelowe) podczas trzech zjazd\u00f3w szkoleniowych z zakresu sportu dla os\u00f3b niewidomych i s\u0142abowidz\u0105cych, organizowanych w ramach projektu pn. \u201ePierwszy krok\u201d wsp\u00f3\u0142finansowanego ze \u015brodk\u00f3w Pa\u0144stwowego Funduszu Rehabilitacji Os\u00f3b Niepe\u0142nosprawnych w ramach konkursu [&hellip;]<\/p>\n","protected":false},"author":1,"featured_media":0,"parent":0,"menu_order":0,"comment_status":"closed","ping_status":"closed","template":"","meta":{"_kadence_starter_templates_imported_post":false,"footnotes":""},"class_list":["post-283","page","type-page","status-publish","hentry"],"_links":{"self":[{"href":"http:\/\/www.fundacjaolimp.pl\/index.php\/wp-json\/wp\/v2\/pages\/283","targetHints":{"allow":["GET"]}}],"collection":[{"href":"http:\/\/www.fundacjaolimp.pl\/index.php\/wp-json\/wp\/v2\/pages"}],"about":[{"href":"http:\/\/www.fundacjaolimp.pl\/index.php\/wp-json\/wp\/v2\/types\/page"}],"author":[{"embeddable":true,"href":"http:\/\/www.fundacjaolimp.pl\/index.php\/wp-json\/wp\/v2\/users\/1"}],"replies":[{"embeddable":true,"href":"http:\/\/www.fundacjaolimp.pl\/index.php\/wp-json\/wp\/v2\/comments?post=283"}],"version-history":[{"count":1,"href":"http:\/\/www.fundacjaolimp.pl\/index.php\/wp-json\/wp\/v2\/pages\/283\/revisions"}],"predecessor-version":[{"id":284,"href":"http:\/\/www.fundacjaolimp.pl\/index.php\/wp-json\/wp\/v2\/pages\/283\/revisions\/284"}],"wp:attachment":[{"href":"http:\/\/www.fundacjaolimp.pl\/index.php\/wp-json\/wp\/v2\/media?parent=283"}],"curies":[{"name":"wp","href":"https:\/\/api.w.org\/{rel}","templated":true}]}}