{"id":222,"date":"2024-06-07T11:39:31","date_gmt":"2024-06-07T11:39:31","guid":{"rendered":"http:\/\/www.fundacjaolimp.pl\/?page_id=222"},"modified":"2025-03-13T09:42:45","modified_gmt":"2025-03-13T09:42:45","slug":"gala-mistrzow-sportu-zwiazku-kultury-fizycznej-olimp","status":"publish","type":"page","link":"http:\/\/www.fundacjaolimp.pl\/index.php\/projekty\/gala-mistrzow-sportu-zwiazku-kultury-fizycznej-olimp\/","title":{"rendered":"Gala Mistrz\u00f3w Sportu Zwi\u0105zku Kultury Fizycznej OLIMP"},"content":{"rendered":"<p>&#8212;PROJEKT ZAKO\u0143CZONY&#8212;<\/p>\n<p>Fundacja Zwi\u0105zku Kultury Fizycznej \u201eOlimp\u201d informuje, \u017ce w okresie od 1 pa\u017adziernika 2024 r. do 31 stycznia 2025 r. realizowa\u0142a projekt \u201eGala Mistrz\u00f3w Sportu Zwi\u0105zku Kultury Fizycznej &#8222;Olimp&#8221;.<\/p>\n<p>Projekt by\u0142 wsp\u00f3\u0142finansowany ze \u015brodk\u00f3w Pa\u0144stwowego Funduszu Rehabilitacji Os\u00f3b Niepe\u0142nosprawnych w ramach Konkursu nr 1\/2023 pn. \u201eMo\u017cemy wi\u0119cej\u201d (UMOWA NUMER: UM\/PW9\/2024\/2\/DEPT_DS_WSPOLPRACY\/3934 z 24 kwietnia 2024 r.)<\/p>\n<p>&nbsp;<\/p>\n<p>Nadrz\u0119dnym celem realizacji zadania Gala Mistrz\u00f3w Sportu Zwi\u0105zku Kultury Fizycznej &#8222;OLIMP&#8221; by\u0142 wzrost aktywno\u015bci os\u00f3b niepe\u0142nosprawnych wzrokowo w dziedzinie sportu oraz rozwijanie form integracji spo\u0142ecznej os\u00f3b niepe\u0142noprawnych i zapobieganie ich wykluczeniu spo\u0142ecznemu poprzez promowanie aktywno\u015bci sportowej os\u00f3b niewidomych i s\u0142abowidz\u0105cych.<\/p>\n<p>Cel ten zosta\u0142 osi\u0105gni\u0119ty dzi\u0119ki organizacji og\u00f3lnopolskiej imprezy kulturalnej, w trakcie kt\u00f3rej uhonorowani zostali sportowcy niewidomi i s\u0142abowidz\u0105cy &#8211; medali\u015bci Indywidualnych Mistrzostw Polski w: kolarstwie tandemowym, strzelectwie pneumatycznym, strzelectwie laserowym i biathlonie wy\u0142onieni w 2024 roku.<\/p>\n<p>&nbsp;<\/p>\n<p>Gala zosta\u0142a przeprowadzona w dniach: 29-31 stycznia 2025 roku w Hotelu GROMAN w S\u0119kocinie Starym k\/Warszawy.<\/p>\n<p>W zadaniu wzi\u0119\u0142o udzia\u0142 \u0142\u0105cznie 142 uczestnik\u00f3w, w tym: 66 beneficjent\u00f3w &#8211; osoby niewidome i s\u0142abowidz\u0105ce (medali\u015bci IMP z 2023 roku), 66 asystent\u00f3w zawodnik\u00f3w niewidomych i 10 zaproszonych go\u015bci &#8211; reprezentant\u00f3w instytucji publicznych i \u015brodowiska sportu os\u00f3b niepe\u0142nosprawnych.<\/p>\n<p>W Gali wzi\u0119\u0142o udzia\u0142 6 cz\u0142onk\u00f3w kadr narodowych w sportach os\u00f3b niepe\u0142nosprawnych, wi\u0119c ich udzia\u0142 nie przekroczy\u0142 10% og\u00f3\u0142u beneficjent\u00f3w ostatecznych, zgodnie z zasadami konkursu.<\/p>\n<p>Na Gali obecni byli m.in.:<\/p>\n<p>Kamil Bobek &#8211; Dyrektor Departamentu ds. Wsp\u00f3\u0142pracy z Organizacjami Pozarz\u0105dowymi PFRON<\/p>\n<p>Prezes\u00a0\u0141ukasz Szeliga &#8211; Polski Komitet Paralimpijski oraz\u00a0 Polski Zwi\u0105zek Sportu Niepe\u0142nosprawnych \u201eStart\u201d;<\/p>\n<p>Prezes\u00a0Andrzej Brzezi\u0144ski &#8211; Polski Zwi\u0105zek Niewidomych.<\/p>\n<p>Personel zadania stanowi\u0142y 3 osoby obs\u0142ugi technicznej i 5 wolontariuszy.<\/p>\n<p>&nbsp;<\/p>\n<p>Program Gali by\u0142 nast\u0119puj\u0105cy:<\/p>\n<p>\u015aRODA 29.01.2025 r.<\/p>\n<p>15.00 \u2013 przyjazd i rejestracja uczestnik\u00f3w<\/p>\n<p>17.00 \u2013 kolacja<\/p>\n<p>19.00 \u2013 oficjalne przywitanie uczestnik\u00f3w i rozpocz\u0119cie Gali; Wyst\u0105pienie prezesa Fundacji \u201eOlimp\u201d: kr\u00f3tka prezentacja historii organizacji, opis dzia\u0142alno\u015bci, najwa\u017cniejsze osi\u0105gni\u0119cia i sukcesy sportowc\u00f3w Zwi\u0105zku;<\/p>\n<p>19.30 &#8211; 21.00 \u2013 Panel tematyczny sportowy &#8211; przedstawienie dyscyplin: kolarstwo, strzelectwo, biathlon niewidomych i s\u0142abowidz\u0105cych -ich historia, opis obecnej sytuacji oraz plany rozwoju; prowadz\u0105cy: trenerzy kadr narodowych os\u00f3b niewidomych i s\u0142abowidz\u0105cych w kolarstwie, strzelectwie i biathlonie.<\/p>\n<p>CZWARTEK 30.01.2025 r.<\/p>\n<p>9.00 \u2013 \u015bniadanie<\/p>\n<p>10.00 \u2013 Panel tematyczny sportowy &#8211; przedstawienie dyscyplin: kolarstwo, strzelectwo, biathlon niewidomych i s\u0142abowidz\u0105cych \u2013 ich historia, opis obecnej sytuacji oraz plany rozwoju; prowadz\u0105cy: trenerzy kadr narodowych os\u00f3b niewidomych i s\u0142abowidz\u0105cych w kolarstwie, strzelectwie i biathlonie.<\/p>\n<p>13.00 \u2013 obiad<\/p>\n<p>15.30 \u2013 Uroczysta ceremonia Gali podczas kt\u00f3rej odb\u0119dzie si\u0119:- wyst\u0105pienia go\u015bci honorowych- uhonorowanie MP w 2024 roku<\/p>\n<p>PI\u0104TEK 31.01.2025 r.<\/p>\n<p>9.00 \u2013 \u015bniadanie<\/p>\n<p>10.00 \u2013 Panel tematyczny sportowy \u2013 dyskusja z uczestnikami nt. dyscyplin: kolarstwo, strzelectwo, biathlon niewidomych i s\u0142abowidz\u0105cych; prowadz\u0105cy: trenerzy kadr narodowych os\u00f3b niewidomych i s\u0142abowidz\u0105cych w kolarstwie, strzelectwie i biathlonie.<\/p>\n<p>13.00 \u2013 obiad<\/p>\n<p>wyjazd uczestnik\u00f3w<\/p>\n<p>&nbsp;<\/p>\n<p>Gala Mistrz\u00f3w Sportu jest imprez\u0105 cykliczn\u0105 organizowan\u0105 przez Zwi\u0105zek Kultury Fizycznej \u201eOlimp\u201d od 2014 roku. Impreza tego typu stanowi niezwykle istotny punkt w kalendarzu wszystkich sportowc\u00f3w niewidomych i s\u0142abowidz\u0105cych \u2013 Gala jest corocznym \u015bwi\u0119tem sportowc\u00f3w i narz\u0119dziem pozwalaj\u0105cym podkre\u015bli\u0107 i doceni\u0107 sukcesy i osi\u0105gni\u0119cia zawodnik\u00f3w z niepe\u0142nosprawno\u015bci\u0105 wzroku.<\/p>\n<p>&nbsp;<\/p>\n<p>Zorganizowanie tak du\u017cej imprezy pozwoli\u0142o w spos\u00f3b skuteczny a jednocze\u015bnie efektowny upowszechnia\u0107 w\u0142a\u015bciwe postawy spo\u0142eczne i prezentowa\u0107 postaci sportowc\u00f3w i dzia\u0142aczy niepe\u0142nosprawnych wzrokowo, kt\u00f3rzy odnie\u015bli sukces w dziedzinie sportu wyczynowego, integruj\u0105c w ten spos\u00f3b \u015brodowisko sportowc\u00f3w niepe\u0142nosprawnych.<\/p>\n<p>Dzia\u0142ania proponowane przez Fundacj\u0119 w ramach realizacji zadania pozwoli\u0142y przeciwdzia\u0142a\u0107 zagro\u017ceniu wykluczeniem spo\u0142ecznym nie tylko w grupie beneficjent\u00f3w ostatecznych \u2013 uczestnik\u00f3w imprezy lecz tak\u017ce w o wiele szerszej grupie beneficjent\u00f3w po\u015brednich w \u015brodowiskach i spo\u0142eczno\u015bciach lokalnych za po\u015brednictwem niepe\u0142nosprawnych uczestnik\u00f3w konferencji z terenu ca\u0142ego kraju.<\/p>\n<p>&nbsp;<\/p>\n<p>Niew\u0105tpliwie impreza tego typu i uhonorowanie Mistrz\u00f3w przed licznym audytorium z\u0142o\u017conym z reprezentant\u00f3w \u015brodowiska os\u00f3b niepe\u0142nosprawnych stanowi\u0142o dla laureat\u00f3w dodatkowy pozytywny bodziec aktywizuj\u0105cy i pobudzaj\u0105cy ich do podj\u0119cia rywalizacji i jeszcze wi\u0119kszego wysi\u0142ku w treningach. Ceremonia odznaczania Mistrz\u00f3w podczas \u201eGali&#8230;\u201d by\u0142a przeplatana wyst\u0105pieniami go\u015bci honorowych oraz przem\u00f3wieniami laureat\u00f3w. Koordynator zadania w celu promocji przedsi\u0119wzi\u0119cia skontaktowa\u0142 si\u0119 z przedstawicielami medi\u00f3w tj. TVP Warszawa, Polsat, TVN, Radio ZET, Radio RMF FM, Radio ESKA, Gazeta Wyborcza, Przegl\u0105d Sportowy, miesi\u0119cznik CROSS itp. Ostatecznie na zaproszenie odpowiedzia\u0142 TVP i miesi\u0119cznik \u201eCross\u201d.<\/p>\n<p>Zadanie obs\u0142ugiwa\u0142y 3 osoby obs\u0142ugi technicznej, b\u0119d\u0105 dba\u0142y o zabezpieczenie techniczne imprezy. Poza obs\u0142ug\u0105 techniczn\u0105 zadanie wspiera\u0142o 5 wolontariuszy. Wolontariusze byli odpowiedzialni za pomoc i wsparcie w hotelu po przyje\u017adzie uczestnik\u00f3w Gali i zapoznanie go\u015bci z obiektem. Organizowali tak\u017ce grup\u0119 w trakcie spotka\u0144 na sali konferencyjnej i zabezpieczali stanowiska, na kt\u00f3rych by\u0142y prezentowane dyscypliny sportu.<\/p>\n<p>&nbsp;<\/p>\n<p>Kontynuuj\u0105c misj\u0119 powierzon\u0105 przez Zwi\u0105zek &#8222;Olimp&#8221; Fundacja planuje przeprowadzenie nast\u0119pnej edycji tej imprezy w 2026 r.<\/p>\n<p><img fetchpriority=\"high\" decoding=\"async\" class=\"aligncenter size-large wp-image-213\" src=\"http:\/\/www.fundacjaolimp.pl\/wp-content\/uploads\/2024\/06\/plakat-fundusz-celowy-PFRON-GMS-2024-724x1024.jpg\" alt=\"\" width=\"724\" height=\"1024\" srcset=\"http:\/\/www.fundacjaolimp.pl\/wp-content\/uploads\/2024\/06\/plakat-fundusz-celowy-PFRON-GMS-2024-724x1024.jpg 724w, http:\/\/www.fundacjaolimp.pl\/wp-content\/uploads\/2024\/06\/plakat-fundusz-celowy-PFRON-GMS-2024-212x300.jpg 212w, http:\/\/www.fundacjaolimp.pl\/wp-content\/uploads\/2024\/06\/plakat-fundusz-celowy-PFRON-GMS-2024-768x1086.jpg 768w, http:\/\/www.fundacjaolimp.pl\/wp-content\/uploads\/2024\/06\/plakat-fundusz-celowy-PFRON-GMS-2024-1086x1536.jpg 1086w, http:\/\/www.fundacjaolimp.pl\/wp-content\/uploads\/2024\/06\/plakat-fundusz-celowy-PFRON-GMS-2024-1448x2048.jpg 1448w, http:\/\/www.fundacjaolimp.pl\/wp-content\/uploads\/2024\/06\/plakat-fundusz-celowy-PFRON-GMS-2024-scaled.jpg 1810w\" sizes=\"(max-width: 724px) 100vw, 724px\" \/><\/p>\n","protected":false},"excerpt":{"rendered":"<p>&#8212;PROJEKT ZAKO\u0143CZONY&#8212; Fundacja Zwi\u0105zku Kultury Fizycznej \u201eOlimp\u201d informuje, \u017ce w okresie od 1 pa\u017adziernika 2024 r. do 31 stycznia 2025 r. realizowa\u0142a projekt \u201eGala Mistrz\u00f3w Sportu Zwi\u0105zku Kultury Fizycznej &#8222;Olimp&#8221;. Projekt by\u0142 wsp\u00f3\u0142finansowany ze \u015brodk\u00f3w Pa\u0144stwowego Funduszu Rehabilitacji Os\u00f3b Niepe\u0142nosprawnych w ramach Konkursu nr 1\/2023 pn. \u201eMo\u017cemy wi\u0119cej\u201d (UMOWA NUMER: UM\/PW9\/2024\/2\/DEPT_DS_WSPOLPRACY\/3934 z 24 kwietnia 2024 [&hellip;]<\/p>\n","protected":false},"author":1,"featured_media":0,"parent":33,"menu_order":0,"comment_status":"closed","ping_status":"closed","template":"","meta":{"_kadence_starter_templates_imported_post":false,"footnotes":""},"class_list":["post-222","page","type-page","status-publish","hentry"],"_links":{"self":[{"href":"http:\/\/www.fundacjaolimp.pl\/index.php\/wp-json\/wp\/v2\/pages\/222","targetHints":{"allow":["GET"]}}],"collection":[{"href":"http:\/\/www.fundacjaolimp.pl\/index.php\/wp-json\/wp\/v2\/pages"}],"about":[{"href":"http:\/\/www.fundacjaolimp.pl\/index.php\/wp-json\/wp\/v2\/types\/page"}],"author":[{"embeddable":true,"href":"http:\/\/www.fundacjaolimp.pl\/index.php\/wp-json\/wp\/v2\/users\/1"}],"replies":[{"embeddable":true,"href":"http:\/\/www.fundacjaolimp.pl\/index.php\/wp-json\/wp\/v2\/comments?post=222"}],"version-history":[{"count":4,"href":"http:\/\/www.fundacjaolimp.pl\/index.php\/wp-json\/wp\/v2\/pages\/222\/revisions"}],"predecessor-version":[{"id":297,"href":"http:\/\/www.fundacjaolimp.pl\/index.php\/wp-json\/wp\/v2\/pages\/222\/revisions\/297"}],"up":[{"embeddable":true,"href":"http:\/\/www.fundacjaolimp.pl\/index.php\/wp-json\/wp\/v2\/pages\/33"}],"wp:attachment":[{"href":"http:\/\/www.fundacjaolimp.pl\/index.php\/wp-json\/wp\/v2\/media?parent=222"}],"curies":[{"name":"wp","href":"https:\/\/api.w.org\/{rel}","templated":true}]}}