{"id":212,"date":"2024-06-07T11:31:20","date_gmt":"2024-06-07T11:31:20","guid":{"rendered":"http:\/\/www.fundacjaolimp.pl\/?page_id=212"},"modified":"2025-04-24T08:59:36","modified_gmt":"2025-04-24T08:59:36","slug":"pierwszy-krok-2","status":"publish","type":"page","link":"http:\/\/www.fundacjaolimp.pl\/index.php\/projekty\/pierwszy-krok-2\/","title":{"rendered":"PIERWSZY KROK"},"content":{"rendered":"<p style=\"margin: 0cm; text-align: justify;\"><strong>&#8212;&#8211; PROJEKT ZAKO\u0143CZONY &#8212;-<\/strong><\/p>\n<p style=\"margin: 0cm; text-align: justify;\"><strong>\u201ePIERWSZY KROK\u201d<\/strong><\/p>\n<p style=\"margin: 0cm; text-align: justify;\">Fundacja Zwi\u0105zku Kultury Fizycznej \u201eOlimp\u201d informuje, \u017ce w okresie od 1 kwietnia 2024 r. do 31 marca 2025 r. realizowa\u0142a projekt \u201ePierwszy krok&#8221;.<\/p>\n<p style=\"margin: 0cm; text-align: justify;\">Projekt by\u0142 wsp\u00f3\u0142finansowany ze \u015brodk\u00f3w Pa\u0144stwowego Funduszu Rehabilitacji Os\u00f3b Niepe\u0142nosprawnych w ramach Konkursu nr 1\/2023 pn. \u201eMo\u017cemy wi\u0119cej\u201d (UMOWA NUMER: UM\/PW9\/2024\/2\/DEPT_DS_WSPOLPRACY\/4564 z 13 maja 2024 r.).<\/p>\n<p style=\"margin: 0cm; text-align: justify;\">\n<p style=\"margin: 0cm; text-align: justify;\">W ramach projektu &#8222;Pierwszy krok&#8221; Fundacja Zwi\u0105zku Kultury Fizycznej &#8222;Olimp&#8221; obj\u0119\u0142a programem trening\u00f3w sportowych grup\u0119 26 m\u0142odych os\u00f3b niewidomych i s\u0142abowidz\u0105cych w wieku 16-24 lata, absolwent\u00f3w 5 Specjalnych O\u015brodk\u00f3w Szkolno -Wychowawczych (SOSW) z 5 wojew\u00f3dztw.<\/p>\n<p style=\"margin: 0cm; text-align: justify;\">Projekt obejmowa\u0142 dzia\u0142ania realizowane w okresie 12 miesi\u0119cy (od 01.04.2024 do 31.03.2025 roku). W okresie tym zrealizowane zosta\u0142y nast\u0119puj\u0105ce dzia\u0142ania: powo\u0142anie zespo\u0142u realizuj\u0105cego projekt, przygotowanie do organizacji zadania (m.in. wyb\u00f3r termin\u00f3w organizacji trening\u00f3w, wyb\u00f3r miejsca zakwaterowania), promocja projektu, nab\u00f3r beneficjent\u00f3w, organizacja trening\u00f3w, podsumowanie merytoryczne i finansowe projektu, audyt projektu oraz rozliczenie zadania.<\/p>\n<p style=\"margin: 0cm; text-align: justify;\">Fundacja zorganizowa\u0142a 3 zjazdy treningowe z zakresu sportu oraz dwa 14-dniowe obozy sportowe (w okresie wakacji letnich 2024 i ferii zimowych 2025):<\/p>\n<p style=\"margin: 0cm; text-align: justify;\">Zjazd nr 1: 25-29.09.2024- O\u015brodek Szkolno-Wychowawczy dla Dzieci Niewidomych im R\u00f3\u017cy Czackiej, Laski, ul. Brzozowa 75, 05-080 Izabelin; udzia\u0142 wzi\u0119\u0142o 22 beneficjent\u00f3w i 15 os\u00f3b personelu;<\/p>\n<p style=\"margin: 0cm; text-align: justify;\">Zjazd nr 2: 11-15.12.2024 \u2013 Centrum Sport\u00f3w Zimowych, Ptaszkowa 883, 33-333 Ptaszkowa; udzia\u0142 wzi\u0119\u0142o 16 beneficjent\u00f3w i 9 os\u00f3b personelu;<\/p>\n<p style=\"margin: 0cm; text-align: justify;\">Zjazd nr 3: 26.02-02.03.2025 &#8211; Centrum Sport\u00f3w Zimowych, Ptaszkowa 883, 33-333 Ptaszkowa; udzia\u0142 wzi\u0119\u0142o 18 beneficjent\u00f3w i 12 os\u00f3b personelu;<\/p>\n<p style=\"margin: 0cm; text-align: justify;\">Letni ob\u00f3z sportowy: 2-16.08.2024, Hotel AMBROWIL, 13-230 Lidzbark, Le\u015bnicz\u00f3wka 9; udzia\u0142 wzi\u0119\u0142o 21 beneficjent\u00f3w i 16 os\u00f3b personelu;<\/p>\n<p style=\"margin: 0cm; text-align: justify;\">Zimowy ob\u00f3z sportowy: 17-31.01.2025 (1 grupa) i 31.01-14.02.2025 (2 grupa), \u201eWilla u G\u0105sienic\u00f3w\u201d, ul. Kr\u00f3lewska 42, 34-511 Ko\u015bcielisko; udzia\u0142 wzi\u0119\u0142o 19 beneficjent\u00f3w i 14 os\u00f3b personelu.<\/p>\n<p style=\"margin: 0cm; text-align: justify;\">Ob\u00f3z zimowy zosta\u0142 przeprowadzony w dw\u00f3ch terminach z uwagi na r\u00f3\u017cne terminy ferii w poszczeg\u00f3lnych wojew\u00f3dztwach, z kt\u00f3rych byli beneficjenci projektu.<\/p>\n<p style=\"margin: 0cm; text-align: justify;\">\n<p style=\"margin: 0cm; text-align: justify;\">Beneficjenci wzi\u0119li udzia\u0142 \u0142\u0105cznie w 228 godzinach zaj\u0119\u0107 sportowych (72 godziny podczas trzech zjazd\u00f3w i 156 godzin podczas dw\u00f3ch oboz\u00f3w).<\/p>\n<p style=\"margin: 0cm; text-align: justify;\">Dzia\u0142ania podejmowane w ramach realizacji projektu skierowane by\u0142y bezpo\u015brednio do grupy 25 beneficjent\u00f3w \u2013 os\u00f3b niepe\u0142nosprawnych z tytu\u0142u utraty wzroku w wieku 16-24 lata, posiadaj\u0105cych aktualne orzeczenie o stopniu niepe\u0142nosprawno\u015bci lub o niepe\u0142nosprawno\u015bci lub aktualne orzeczenie r\u00f3wnowa\u017cne.<\/p>\n<p style=\"margin: 0cm; text-align: justify;\">Poniewa\u017c uczniami w SOSW s\u0105 osoby z r\u00f3\u017cnych region\u00f3w kraju, wi\u0119c w zadaniu udzia\u0142 wzi\u0119li beneficjenci z co najmniej 8 wojew\u00f3dztw, poniewa\u017c s\u0105 to absolwenci z 5 szk\u00f3\u0142 z r\u00f3\u017cnych wojew\u00f3dztw.<\/p>\n<p style=\"margin: 0cm; text-align: justify;\">Personel zadania liczy\u0142 16 os\u00f3b: 5 instruktor\u00f3w sportu, 10 asystent\u00f3w instruktor\u00f3w &#8211; po 2 nauczycieli z ka\u017cdego z 5 SOSW oraz kierownika obozu sportowego (kt\u00f3rego udzia\u0142 jest obowi\u0105zkowy w \u015bwietle przepis\u00f3w ustawy o systemie o\u015bwiaty).<\/p>\n<p style=\"margin: 0cm; text-align: justify;\">Z posiadanego przez fundacj\u0119 wieloletniego do\u015bwiadczenia wynika, \u017ce optymaln\u0105 form\u0105 prowadzenia trening\u00f3w z m\u0142odzie\u017c\u0105 szkoln\u0105 s\u0105 spotkania &#8222;oko\u0142oweekendowe&#8221; i okres wakacji. Taka forma dzia\u0142a\u0144 umo\u017cliwia beneficjentom efektywne utrwalanie, zapami\u0119tywanie przekazanej wiedzy i usprawnia proces usamodzielniania. Ten spos\u00f3b przeprowadzania zjazd\u00f3w umo\u017cliwi\u0142 swobodny dost\u0119p do oferowanych trening\u00f3w i nie kolidowa\u0142 z obowi\u0105zkami szkolnymi beneficjent\u00f3w. Personel projektu stworzy\u0142 Indywidualne Plany Dzia\u0142ania dla ka\u017cdego z beneficjent\u00f3w, kt\u00f3rych celem by\u0142 wyb\u00f3r najlepszej mo\u017cliwej \u015bcie\u017cki rozwoju umiej\u0119tno\u015bci w sporcie.<\/p>\n<p style=\"margin: 0cm; text-align: justify;\">Zadania szkoleniowe opisane w niniejszym wniosku zak\u0142ada\u0142y systematyczny wzrost poziomu sportowego zawodnik\u00f3w poprzez doskonalenie przygotowania fizycznego, technicznego i taktycznego. Beneficjenci projektu wypracowali nawyki zdrowego trybu \u017cycia, zwi\u0119kszyli \u015bwiadomo\u015b\u0107 potrzeby ruchu i dbania o kondycj\u0119 fizyczn\u0105.<\/p>\n<p style=\"margin: 0cm; text-align: justify;\">Ostatni miesi\u0105c realizacji zadania przeznaczony by\u0142 na przygotowanie sprawozdania finansowego i merytorycznego z realizacji zadania i przeprowadzenie audytu z realizacji projektu.<\/p>\n<p style=\"margin: 0cm; text-align: justify;\">\n<p style=\"margin: 0cm; text-align: justify;\">Rola rehabilitacji przez sport i kultur\u0119 fizyczn\u0105 jest bardzo du\u017ca i wci\u0105\u017c ro\u015bnie. Poprzez uczestnictwo w treningach i imprezach sportowych beneficjenci ucz\u0105 si\u0119 prze\u0142amywa\u0107 bariery tkwi\u0105ce w nich samych i radzi\u0107 sobie z problemami i trudno\u015bciami, kszta\u0142tuj\u0105c sw\u00f3j charakter.<\/p>\n<p style=\"margin: 0cm; text-align: justify;\">Realizacja projektu \u201ePierwszy krok\u201d pozwoli\u0142a aktywizowa\u0107 grup\u0119 26 inwalid\u00f3w wzroku, realnie zagro\u017conych marginalizacj\u0105 i wykluczeniem spo\u0142ecznym. Zorganizowanie w ramach projektu trening\u00f3w sportowych dla os\u00f3b niepe\u0142nosprawnych stworzy\u0142o warunki do ich dalszego rozwoju, nauki, sp\u0119dzania wolnego czasu. Poprzez udzia\u0142 w treningach sportowych beneficjenci ostateczni projektu nabyli i rozwin\u0119li umiej\u0119tno\u015bci niezb\u0119dne do samodzielnego funkcjonowania. Zaj\u0119cia sportowe z zakresu sportu, zaproponowane przez Wnioskodawc\u0119, doskonali\u0142y orientacj\u0119 przestrzenn\u0105, poprawia\u0142y og\u00f3ln\u0105 kondycj\u0119 fizyczn\u0105 beneficjenta i poprawia\u0142y koordynacj\u0119 s\u0142uchowo-ruchow\u0105 niezb\u0119dn\u0105 do prawid\u0142owego funkcjonowania osoby niewidomej w\u017cyciu codziennym. Beneficjenci projektu wypracowali nawyki zdrowego trybu \u017cycia, zwi\u0119kszyli \u015bwiadomo\u015b\u0107 potrzeby ruchu i dbania o kondycj\u0119 fizyczn\u0105. Trening kszta\u0142ci wytrwa\u0142o\u015b\u0107, systematyczno\u015b\u0107, up\u00f3r, umiej\u0119tno\u015b\u0107 radzenia sobie z problemami. Sport uczy pokory i woli walki.<\/p>\n<p style=\"margin: 0cm; text-align: justify;\">\n<p style=\"margin: 0cm; text-align: justify;\">W ocenie Fundacji i personelu realizuj\u0105cego cz\u0119\u015b\u0107 merytoryczn\u0105 szkolenia cel projektu zosta\u0142 osi\u0105gni\u0119ty w wymiarze okre\u015blonym we wniosku.<\/p>\n<p style=\"margin: 0cm; text-align: justify;\">Liczba beneficjent\u00f3w ostatecznych projektu, u kt\u00f3rych zaobserwowany zosta\u0142 wzrost aktywno\u015bci w dziedzinie sportu dzi\u0119ki umo\u017cliwieniu im uczestnictwa w kompleksowym i profesjonalnym cyklu trening\u00f3w sportowych wynios\u0142a 23, tym samym osi\u0105gni\u0119ty zosta\u0142 wska\u017anik rezultatu, okre\u015blony na poziomie 90% beneficjent\u00f3w (22 osoby).<\/p>\n<p style=\"margin: 0cm; text-align: justify;\">\n<p style=\"margin: 0cm; text-align: justify;\"><strong>&#8212;&#8211; PROJEKT ZAKO\u0143CZONY &#8212;-<\/strong><\/p>\n<p style=\"margin: 0cm; text-align: justify;\"><i>Informacja o projekcie opublikowana w maju 2024 roku:<\/i><\/p>\n<p>Fundacja Zwi\u0105zku Kultury Fizycznej \u201eOlimp\u201d informuje, \u017ce w okresie od 1 kwietnia 2024 r. do 31 marca 2025 r. realizuje projekt \u201ePierwszy krok&#8221;.<\/p>\n<p>Projekt jest wsp\u00f3\u0142finansowany ze \u015brodk\u00f3w Pa\u0144stwowego Funduszu Rehabilitacji Os\u00f3b Niepe\u0142nosprawnych w ramach Konkursu nr 1\/2023 pn. \u201eMo\u017cemy wi\u0119cej\u201d (UMOWA NUMER: UM\/PW9\/2024\/2\/DEPT_DS_WSPOLPRACY\/4564 z 13 maja 2024 r.)<\/p>\n<p>&nbsp;<\/p>\n<p>Celem realizacji zadania \u201ePierwszy krok\u201d jest nabycie i rozw\u00f3j umiej\u0119tno\u015bci potrzebnych do samodzielnego funkcjonowania u m\u0142odzie\u017cy niewidomej i s\u0142abowidz\u0105cej poprzez umo\u017cliwienie im uczestnictwa w treningach sportowych.<\/p>\n<p>W ramach projektu &#8222;Pierwszy krok&#8221; Fundacja Zwi\u0105zku Kultury Fizycznej &#8222;Olimp&#8221; obejmie programem trening\u00f3w sportowych grup\u0119 25 m\u0142odych os\u00f3b niewidomych i s\u0142abowidz\u0105cych.<\/p>\n<p>&nbsp;<\/p>\n<p>Projekt zak\u0142ada dzia\u0142ania realizowane w okresie 12 miesi\u0119cy (od 01.04.2024 do 31.03.2025 roku). W okresie tym zrealizowane zostan\u0105 nast\u0119puj\u0105ce dzia\u0142ania: powo\u0142anie zespo\u0142u realizuj\u0105cego projekt, przygotowanie do organizacji zadania (m.in. wyb\u00f3r termin\u00f3w organizacji trening\u00f3w, wyb\u00f3r miejsca zakwaterowania), promocja projektu, nab\u00f3r beneficjent\u00f3w, organizacja trening\u00f3w, podsumowanie merytoryczne i finansowe projektu, audyt projektu oraz rozliczenie zadania.<\/p>\n<p>&nbsp;<\/p>\n<p>W ramach projektu przeprowadzone zostan\u0105 nast\u0119puj\u0105ce akcje szkoleniowe<\/p>\n<p>(UWAGA! Ostateczne terminy i miejsca szkole\u0144 mog\u0105 ulec zmianie):<\/p>\n<ol>\n<li>Letni ob\u00f3z sportowy: 2-16.08.2024, Lidzbark;<\/li>\n<li>Zjazd treningowy z zakresu sportu nr 1;<\/li>\n<li>Zjazd treningowy z zakresu sportu nr 2;<\/li>\n<li>Zjazd treningowy z zakresu sportu nr 3;<\/li>\n<li>Zimowy ob\u00f3z sportowy.<\/li>\n<\/ol>\n<p>&nbsp;<\/p>\n<p>Dzia\u0142ania podejmowane w ramach realizacji projektu skierowane b\u0119d\u0105 bezpo\u015brednio do grupy 25 beneficjent\u00f3w \u2013 m\u0142odych os\u00f3b niepe\u0142nosprawnych z tytu\u0142u utraty wzroku, posiadaj\u0105cych aktualne orzeczenie o stopniu niepe\u0142nosprawno\u015bci lub o niepe\u0142nosprawno\u015bci lub aktualne orzeczenie r\u00f3wnowa\u017cne.W zadaniu wezm\u0105 udzia\u0142 beneficjenci z wi\u0119cej ni\u017c 8 wojew\u00f3dztw.<\/p>\n<p>Z posiadanego przez Fundacj\u0119 wieloletniego do\u015bwiadczenia wynika, \u017ce optymaln\u0105 form\u0105 prowadzenia trening\u00f3w z m\u0142odzie\u017c\u0105 s\u0105 spotkania &#8222;oko\u0142oweekendowe&#8221; i okres wakacji. Taka forma dzia\u0142a\u0144 umo\u017cliwia beneficjentom efektywne utrwalanie, zapami\u0119tywanie przekazanej wiedzy i usprawnia proces usamodzielniania. Ten spos\u00f3b przeprowadzania zjazd\u00f3w umo\u017cliwia swobodny dost\u0119p do oferowanych trening\u00f3w i nie koliduje z obowi\u0105zkami szkolnymi beneficjent\u00f3w.<\/p>\n<p>&nbsp;<\/p>\n<p>W ka\u017cdym zje\u017adzie treningowym planowany jest udzia\u0142 40 os\u00f3b, w tym: 25 beneficjent\u00f3w i 15 os\u00f3b personelu (5 instruktor\u00f3w sportu, 10 asystent\u00f3w instruktor\u00f3w). Wszystkie trzy zjazdy b\u0119d\u0105 trwa\u0142y po 4 doby hotelowe (5 dni kalendarzowych). Treningi sportowe podczas zjazd\u00f3w prowadzone b\u0119d\u0105 w formie o\u015bmiu 3-godzinnych sesji: jedna sesja w dniu przyjazdu, nast\u0119pnie po dwie sesje dziennie przez 3 kolejne dni i 1 sesja w dnu wyjazdu. Podczas zjazd\u00f3w beneficjenci b\u0119d\u0105 obj\u0119ci programem trening\u00f3w og\u00f3lnorozwojowych.<\/p>\n<p>Personel zadania b\u0119dzie liczy\u0142 ka\u017cdorazowo po 15 os\u00f3b: 5 instruktor\u00f3w sportu i 10 asystent\u00f3w instruktor\u00f3w. Beneficjenci zostali podzieleni na pi\u0119\u0107 5-osobowych grup szkoleniowych. Z ka\u017cd\u0105 grup\u0105 zaj\u0119cia prowadzi\u0142 1 instruktor sportu (\u0142\u0105cznie 5 instruktor\u00f3w) i 2 opiekun\u00f3w &#8211; asystent\u00f3w os\u00f3b niewidomych. Podczas pojedynczego zjazdu ka\u017cdy z Beneficjent\u00f3w otrzyma \u0142\u0105cznie 24 godziny wsparcia (8 sesji x 3 godziny). \u0141\u0105cznie podczas 3 zjazd\u00f3w ka\u017cdy z Beneficjent\u00f3w otrzyma \u0142\u0105cznie 72 godziny wsparcia (8 sesji x 3 godziny x 3 zjazdy).<\/p>\n<p>Na pierwszym zje\u017adzie dla ka\u017cdego beneficjenta stworzony zostanie Indywidualny Plan Dzia\u0142ania, kt\u00f3ry b\u0119dzie zawiera\u0142 diagnoz\u0119 wst\u0119pn\u0105, ocen\u0119 umiej\u0119tno\u015bci i wytyczne do dalszej pracy. Na ostatnim zje\u017adzie uczestnicy poddani zostan\u0105 ponownej diagnozie i ocenie osi\u0105gni\u0119tych rezultat\u00f3w. Nast\u0105pi w\u00f3wczas por\u00f3wnanie tych ocen w celu sprawdzenia osi\u0105gni\u0119cia zaplanowanych efekt\u00f3w.<\/p>\n<p>&nbsp;<\/p>\n<p>W ka\u017cdym z dw\u00f3ch oboz\u00f3w sportowych (letnim i zimowym) udzia\u0142 we\u017amie 25 beneficjent\u00f3w i 16 os\u00f3b personelu (5 instruktor\u00f3w sportu, 10 asystent\u00f3w instruktor\u00f3w i kierownik obozu). Podczas ka\u017cdego z oboz\u00f3w beneficjenci wezm\u0105 udzia\u0142 \u0142\u0105cznie w 78 godzinach zaj\u0119\u0107 sportowych (13 dni * 6 godzin). Beneficjenci b\u0119d\u0105 podzieleni na pi\u0119\u0107 5-osobowych grup szkoleniowych. Z ka\u017cd\u0105 grup\u0105 zaj\u0119cia poprowadzi 1 instruktor sportu i 2 asystent\u00f3w.<\/p>\n<p>Z uwagi na fakt, \u017ce ferie zimowe odbywaj\u0105 si\u0119 w r\u00f3\u017cnych terminach w poszczeg\u00f3lnych wojew\u00f3dztwach, ob\u00f3z ten zostanie przeprowadzony w dw\u00f3ch terminach.<\/p>\n<p>&nbsp;<\/p>\n<p>Rola rehabilitacji przez sport i kultur\u0119 fizyczn\u0105 jest bardzo du\u017ca i wci\u0105\u017c ro\u015bnie. Poprzez uczestnictwo w przedsi\u0119wzi\u0119ciu grupa 25 beneficjent\u00f3w osi\u0105gnie cel projektu i nauczy si\u0119 prze\u0142amywa\u0107 bariery tkwi\u0105ce w nich samych i radzi\u0107 sobie z problemami i trudno\u015bciami, kszta\u0142tuj\u0105c sw\u00f3j charakter.<\/p>\n<p>Realizacja projektu \u201ePierwszy krok\u201d pozwoli aktywizowa\u0107 grup\u0119 inwalid\u00f3w wzroku, realnie zagro\u017conych marginalizacj\u0105 i wykluczeniem spo\u0142ecznym. Zorganizowanie w ramach projektu trening\u00f3w sportowych dla os\u00f3b niepe\u0142nosprawnych spowoduje stworzenie warunk\u00f3w do ich dalszego rozwoju, nauki, sp\u0119dzania wolnego czasu.<\/p>\n<p>Poprzez udzia\u0142 w treningach sportowych beneficjenci ostateczni projektu nab\u0119d\u0105 i rozwin\u0105 umiej\u0119tno\u015bci niezb\u0119dne do samodzielnego funkcjonowania.<\/p>\n<p>Zaj\u0119cia sportowe zaproponowane przez Fundacj\u0119, doskonal\u0105 orientacj\u0119 przestrzenn\u0105, poprawiaj\u0105 og\u00f3ln\u0105 kondycj\u0119 fizyczn\u0105 beneficjenta i poprawiaj\u0105 koordynacj\u0119 s\u0142uchowo-ruchow\u0105 niezb\u0119dn\u0105 do prawid\u0142owego funkcjonowania osoby niewidomej w \u017cyciu codziennym.<\/p>\n<p>Beneficjenci projektu wypracuj\u0105 nawyki zdrowego trybu \u017cycia, zwi\u0119ksz\u0105 \u015bwiadomo\u015b\u0107 potrzeby ruchu i dbania o kondycj\u0119 fizyczn\u0105.<\/p>\n<p><img fetchpriority=\"high\" decoding=\"async\" class=\"aligncenter size-large wp-image-215\" src=\"http:\/\/www.fundacjaolimp.pl\/wp-content\/uploads\/2024\/06\/plakat-fundusz-celowy-PFRON-PK-2024-724x1024.jpg\" alt=\"\" width=\"724\" height=\"1024\" srcset=\"http:\/\/www.fundacjaolimp.pl\/wp-content\/uploads\/2024\/06\/plakat-fundusz-celowy-PFRON-PK-2024-724x1024.jpg 724w, http:\/\/www.fundacjaolimp.pl\/wp-content\/uploads\/2024\/06\/plakat-fundusz-celowy-PFRON-PK-2024-212x300.jpg 212w, http:\/\/www.fundacjaolimp.pl\/wp-content\/uploads\/2024\/06\/plakat-fundusz-celowy-PFRON-PK-2024-768x1086.jpg 768w, http:\/\/www.fundacjaolimp.pl\/wp-content\/uploads\/2024\/06\/plakat-fundusz-celowy-PFRON-PK-2024-1086x1536.jpg 1086w, http:\/\/www.fundacjaolimp.pl\/wp-content\/uploads\/2024\/06\/plakat-fundusz-celowy-PFRON-PK-2024-1448x2048.jpg 1448w, http:\/\/www.fundacjaolimp.pl\/wp-content\/uploads\/2024\/06\/plakat-fundusz-celowy-PFRON-PK-2024-scaled.jpg 1810w\" sizes=\"(max-width: 724px) 100vw, 724px\" \/><\/p>\n","protected":false},"excerpt":{"rendered":"<p>&#8212;&#8211; PROJEKT ZAKO\u0143CZONY &#8212;- \u201ePIERWSZY KROK\u201d Fundacja Zwi\u0105zku Kultury Fizycznej \u201eOlimp\u201d informuje, \u017ce w okresie od 1 kwietnia 2024 r. do 31 marca 2025 r. realizowa\u0142a projekt \u201ePierwszy krok&#8221;. Projekt by\u0142 wsp\u00f3\u0142finansowany ze \u015brodk\u00f3w Pa\u0144stwowego Funduszu Rehabilitacji Os\u00f3b Niepe\u0142nosprawnych w ramach Konkursu nr 1\/2023 pn. \u201eMo\u017cemy wi\u0119cej\u201d (UMOWA NUMER: UM\/PW9\/2024\/2\/DEPT_DS_WSPOLPRACY\/4564 z 13 maja 2024 r.). [&hellip;]<\/p>\n","protected":false},"author":1,"featured_media":0,"parent":33,"menu_order":0,"comment_status":"closed","ping_status":"closed","template":"","meta":{"_kadence_starter_templates_imported_post":false,"footnotes":""},"class_list":["post-212","page","type-page","status-publish","hentry"],"_links":{"self":[{"href":"http:\/\/www.fundacjaolimp.pl\/index.php\/wp-json\/wp\/v2\/pages\/212","targetHints":{"allow":["GET"]}}],"collection":[{"href":"http:\/\/www.fundacjaolimp.pl\/index.php\/wp-json\/wp\/v2\/pages"}],"about":[{"href":"http:\/\/www.fundacjaolimp.pl\/index.php\/wp-json\/wp\/v2\/types\/page"}],"author":[{"embeddable":true,"href":"http:\/\/www.fundacjaolimp.pl\/index.php\/wp-json\/wp\/v2\/users\/1"}],"replies":[{"embeddable":true,"href":"http:\/\/www.fundacjaolimp.pl\/index.php\/wp-json\/wp\/v2\/comments?post=212"}],"version-history":[{"count":2,"href":"http:\/\/www.fundacjaolimp.pl\/index.php\/wp-json\/wp\/v2\/pages\/212\/revisions"}],"predecessor-version":[{"id":335,"href":"http:\/\/www.fundacjaolimp.pl\/index.php\/wp-json\/wp\/v2\/pages\/212\/revisions\/335"}],"up":[{"embeddable":true,"href":"http:\/\/www.fundacjaolimp.pl\/index.php\/wp-json\/wp\/v2\/pages\/33"}],"wp:attachment":[{"href":"http:\/\/www.fundacjaolimp.pl\/index.php\/wp-json\/wp\/v2\/media?parent=212"}],"curies":[{"name":"wp","href":"https:\/\/api.w.org\/{rel}","templated":true}]}}