{"id":14,"date":"2024-05-29T11:22:24","date_gmt":"2024-05-29T11:22:24","guid":{"rendered":"http:\/\/www.fundacjaolimp.pl\/?page_id=14"},"modified":"2024-05-29T11:22:24","modified_gmt":"2024-05-29T11:22:24","slug":"o-nas-2","status":"publish","type":"page","link":"http:\/\/www.fundacjaolimp.pl\/index.php\/o-nas-2\/","title":{"rendered":"O NAS"},"content":{"rendered":"<p>Fundacja ZKF &#8222;Olimp&#8221; jest m\u0142od\u0105 organizacj\u0105, zarejestrowan\u0105 we wrze\u015bniu 2020 roku.<\/p>\n<p>Rad\u0119 Fundacji tworz\u0105: Adam Dzitkowski, Wac\u0142aw Morgiewicz i J\u00f3zef Plichta.<\/p>\n<p>Funkcj\u0119 Prezesa Fundacji pe\u0142ni Miros\u0142aw Mirynowski.<\/p>\n<p>&nbsp;<\/p>\n<p>Podstawowym celem Fundacji jest propagowanie i rozwijanie sportu os\u00f3b niepe\u0142nosprawnych ze szczeg\u00f3lnym uwzgl\u0119dnieniem os\u00f3b niewidomych i s\u0142abowidz\u0105cych na obszarze dzia\u0142ania Fundacji.<\/p>\n<p>Cel Fundacji realizowany jest poprzez:<\/p>\n<p>1) propagowanie, krzewienie i upowszechnianie zasad oraz idei paraolimpizmu;<\/p>\n<p>2) udzia\u0142 w przygotowywanie polskiej reprezentacji narodowej w Igrzyskach Paraolimpijskich;<\/p>\n<p>3) wsp\u00f3\u0142udzia\u0142 w inspirowaniu i organizowaniu sportu os\u00f3b niepe\u0142nosprawnych, szczeg\u00f3lnie paraolimpijskiego w Polsce;<\/p>\n<p>4) wykonywanie zada\u0144 zlecanych przez Polski Komitet Paraolimpijski, w\u0142adze samorz\u0105dowe, rz\u0105dowe, organizacje pozarz\u0105dowe i ko\u015bcio\u0142y w zakresie zgodnym z celami Fundacji;<\/p>\n<p>5) pozyskiwanie \u015brodk\u00f3w finansowych dla prowadzenia dzia\u0142alno\u015bci statutowej;<\/p>\n<p>6) udzielanie pomocy, finansowanie, dofinansowywanie, wspieranie oraz wspomaganie os\u00f3b i podmiot\u00f3w realizuj\u0105cych cele zgodne z celami Fundacji;<\/p>\n<p>7) organizowanie i finansowanie sympozj\u00f3w, spotka\u0144, szkole\u0144 i kurs\u00f3w, konkurs\u00f3w i imprez, kt\u00f3rych problematyka pozostaje w zwi\u0105zku z celami Fundacji;<\/p>\n<p>8) wspieranie organizacyjne, rzeczowe i finansowe podmiot\u00f3w prowadz\u0105cych dzia\u0142alno\u015b\u0107 na rzecz sportu os\u00f3b niepe\u0142nosprawnych;<\/p>\n<p>9) organizowanie i finansowanie dzia\u0142alno\u015bci wydawniczej upowszechniaj\u0105ce sport i ide\u0119 paraolimpizmu;<\/p>\n<p>10) organizowanie i finansowanie imprez sportowych, rekreacyjnych i kulturalnych zwi\u0105zanych z celem Fundacji;<\/p>\n<p>11) prowadzenie akcji szkoleniowych i informacyjnych.<\/p>\n<p>&nbsp;<\/p>\n<p>Fundacja dynamicznie rozpocz\u0119\u0142a swoj\u0105 dzia\u0142alno\u015b\u0107 i jako Partner aktywnie w\u0142\u0105czy\u0142a si\u0119 w realizacj\u0119 projekt\u00f3w organizowanych przez Zwi\u0105zek Kultury Fizycznej \u201eOlimp\u201d, Stowarzyszenie \u201eCross\u201d i Stowarzyszenie VICTORIA z Bia\u0142egostoku.<\/p>\n<p>Od 2022 roku Fundacja samodzielnie realizuje projekty wsp\u00f3\u0142finansowane ze \u015brodk\u00f3w PFRON w ramach kolejnych konkurs\u00f3w og\u0142aszanych przez Fundusz.<\/p>\n<p>Informacja o aktualnie realizowanych zadaniach znajduje si\u0119 w sekcji \u201ePROJEKTY\u201d.<\/p>\n<p>&nbsp;<\/p>\n<p>Siedziba Fundacji mie\u015bci si\u0119 w Warszawie, w budynku nale\u017c\u0105cym do Polskiego Zwi\u0105zku Niewidomych, przy ulicy Konwiktorskiej 9 w Warszawie.<\/p>\n<p>Lokalizacja biura Fundacji w bezpo\u015brednim s\u0105siedztwie siedzib innych du\u017cych organizacji pozarz\u0105dowych, dzia\u0142aj\u0105cych na rzecz os\u00f3b z niepe\u0142nosprawno\u015bciami, m.in. PZN, PKPar, PZSN Start, Zwi\u0105zku Kultury Fizycznej &#8222;Olimp&#8221; i Stowarzyszenia &#8222;Cross&#8221; u\u0142atwia bezpo\u015bredni kontakt os\u00f3b niewidomych z organizacj\u0105.<\/p>\n<p>Zapraszamy do kontaktu i w\u0142\u0105czenia si\u0119 w realizacj\u0119 cel\u00f3w statutowych Fundacji!<\/p>\n","protected":false},"excerpt":{"rendered":"<p>Fundacja ZKF &#8222;Olimp&#8221; jest m\u0142od\u0105 organizacj\u0105, zarejestrowan\u0105 we wrze\u015bniu 2020 roku. Rad\u0119 Fundacji tworz\u0105: Adam Dzitkowski, Wac\u0142aw Morgiewicz i J\u00f3zef Plichta. Funkcj\u0119 Prezesa Fundacji pe\u0142ni Miros\u0142aw Mirynowski. &nbsp; Podstawowym celem Fundacji jest propagowanie i rozwijanie sportu os\u00f3b niepe\u0142nosprawnych ze szczeg\u00f3lnym uwzgl\u0119dnieniem os\u00f3b niewidomych i s\u0142abowidz\u0105cych na obszarze dzia\u0142ania Fundacji. Cel Fundacji realizowany jest poprzez: 1) [&hellip;]<\/p>\n","protected":false},"author":1,"featured_media":0,"parent":0,"menu_order":0,"comment_status":"closed","ping_status":"closed","template":"","meta":{"_kadence_starter_templates_imported_post":false,"footnotes":""},"class_list":["post-14","page","type-page","status-publish","hentry"],"_links":{"self":[{"href":"http:\/\/www.fundacjaolimp.pl\/index.php\/wp-json\/wp\/v2\/pages\/14","targetHints":{"allow":["GET"]}}],"collection":[{"href":"http:\/\/www.fundacjaolimp.pl\/index.php\/wp-json\/wp\/v2\/pages"}],"about":[{"href":"http:\/\/www.fundacjaolimp.pl\/index.php\/wp-json\/wp\/v2\/types\/page"}],"author":[{"embeddable":true,"href":"http:\/\/www.fundacjaolimp.pl\/index.php\/wp-json\/wp\/v2\/users\/1"}],"replies":[{"embeddable":true,"href":"http:\/\/www.fundacjaolimp.pl\/index.php\/wp-json\/wp\/v2\/comments?post=14"}],"version-history":[{"count":1,"href":"http:\/\/www.fundacjaolimp.pl\/index.php\/wp-json\/wp\/v2\/pages\/14\/revisions"}],"predecessor-version":[{"id":15,"href":"http:\/\/www.fundacjaolimp.pl\/index.php\/wp-json\/wp\/v2\/pages\/14\/revisions\/15"}],"wp:attachment":[{"href":"http:\/\/www.fundacjaolimp.pl\/index.php\/wp-json\/wp\/v2\/media?parent=14"}],"curies":[{"name":"wp","href":"https:\/\/api.w.org\/{rel}","templated":true}]}}